{"id":317,"date":"2023-12-18T21:02:51","date_gmt":"2023-12-18T21:02:51","guid":{"rendered":"https:\/\/hotel-casanina.com\/es\/?page_id=317"},"modified":"2024-11-14T21:19:33","modified_gmt":"2024-11-14T21:19:33","slug":"actividades","status":"publish","type":"page","link":"https:\/\/hotel-casanina.com\/es\/actividades\/","title":{"rendered":"Actividades"},"content":{"rendered":"\t\t<div data-elementor-type=\"wp-page\" data-elementor-id=\"317\" class=\"elementor elementor-317\">\n\t\t\t\t<div class=\"elementor-element elementor-element-464b73e e-con-full e-flex e-con e-parent\" data-id=\"464b73e\" data-element_type=\"container\" data-settings=\"{&quot;background_background&quot;:&quot;classic&quot;}\">\n\t\t<div class=\"elementor-element elementor-element-818b765 e-con-full e-flex e-con e-child\" data-id=\"818b765\" data-element_type=\"container\">\n\t\t\t\t<div class=\"elementor-element elementor-element-47e2370 elementor-widget elementor-widget-image\" data-id=\"47e2370\" data-element_type=\"widget\" data-widget_type=\"image.default\">\n\t\t\t\t<div class=\"elementor-widget-container\">\n\t\t\t\t\t\t\t\t\t\t\t\t\t\t<a href=\"https:\/\/hotel-casanina.com\/\">\n\t\t\t\t\t\t\t<img decoding=\"async\" width=\"64\" height=\"64\" src=\"https:\/\/hotel-casanina.com\/es\/wp-content\/uploads\/2024\/01\/92087_france_icon.png\" class=\"attachment-large size-large wp-image-659\" alt=\"french language\" \/>\t\t\t\t\t\t\t\t<\/a>\n\t\t\t\t\t\t\t\t\t\t\t\t\t<\/div>\n\t\t\t\t<\/div>\n\t\t\t\t<div class=\"elementor-element elementor-element-4d76591 elementor-widget elementor-widget-image\" data-id=\"4d76591\" data-element_type=\"widget\" data-widget_type=\"image.default\">\n\t\t\t\t<div class=\"elementor-widget-container\">\n\t\t\t\t\t\t\t\t\t\t\t\t\t\t<a href=\"https:\/\/hotel-casanina.com\/en\/\">\n\t\t\t\t\t\t\t<img decoding=\"async\" width=\"64\" height=\"64\" src=\"https:\/\/hotel-casanina.com\/es\/wp-content\/uploads\/2024\/11\/92407_states_united_icon.png\" class=\"attachment-large size-large wp-image-713\" alt=\"english language\" \/>\t\t\t\t\t\t\t\t<\/a>\n\t\t\t\t\t\t\t\t\t\t\t\t\t<\/div>\n\t\t\t\t<\/div>\n\t\t\t\t<\/div>\n\t\t<div class=\"elementor-element elementor-element-14b53da e-con-full e-flex e-con e-child\" data-id=\"14b53da\" data-element_type=\"container\">\n\t\t\t\t<div class=\"elementor-element elementor-element-31c2c8c elementor-widget elementor-widget-image\" data-id=\"31c2c8c\" data-element_type=\"widget\" data-widget_type=\"image.default\">\n\t\t\t\t<div class=\"elementor-widget-container\">\n\t\t\t\t\t\t\t\t\t\t\t\t\t\t<a href=\"https:\/\/hotel-casanina.com\/es\/\">\n\t\t\t\t\t\t\t<img decoding=\"async\" width=\"157\" height=\"35\" src=\"https:\/\/hotel-casanina.com\/es\/wp-content\/uploads\/2024\/01\/logo_hotel_casa-nina_blanc-1.svg\" class=\"attachment-large size-large wp-image-453\" alt=\"\" \/>\t\t\t\t\t\t\t\t<\/a>\n\t\t\t\t\t\t\t\t\t\t\t\t\t<\/div>\n\t\t\t\t<\/div>\n\t\t\t\t<div class=\"elementor-element elementor-element-ac1a7f1 elementor-widget elementor-widget-heading\" data-id=\"ac1a7f1\" data-element_type=\"widget\" data-widget_type=\"heading.default\">\n\t\t\t\t<div class=\"elementor-widget-container\">\n\t\t\t<p class=\"elementor-heading-title elementor-size-default\">AVENIDA ESPANA - PUNTA POPI \u2013 LAS TERRENAS\n<\/p>\t\t<\/div>\n\t\t\t\t<\/div>\n\t\t\t\t<\/div>\n\t\t<div class=\"elementor-element elementor-element-703e01d e-con-full e-flex e-con e-child\" data-id=\"703e01d\" data-element_type=\"container\">\n\t\t\t\t<div class=\"elementor-element elementor-element-4772413 elementor-widget elementor-widget-heading\" data-id=\"4772413\" data-element_type=\"widget\" data-widget_type=\"heading.default\">\n\t\t\t\t<div class=\"elementor-widget-container\">\n\t\t\t<div class=\"elementor-heading-title elementor-size-default\"><a href=\"tel:+18297707647\">WhatsApp +1 829 770 7647<\/a><\/div>\t\t<\/div>\n\t\t\t\t<\/div>\n\t\t\t\t<div class=\"elementor-element elementor-element-461e2ce elementor-widget elementor-widget-heading\" data-id=\"461e2ce\" data-element_type=\"widget\" data-widget_type=\"heading.default\">\n\t\t\t\t<div class=\"elementor-widget-container\">\n\t\t\t<div class=\"elementor-heading-title elementor-size-default\"><a href=\"mailto:hotelcasanina@gmail.com\u200b\">hotelcasanina@gmail.com<\/a><\/div>\t\t<\/div>\n\t\t\t\t<\/div>\n\t\t\t\t<\/div>\n\t\t<div class=\"elementor-element elementor-element-2571d24 e-con-full e-flex e-con e-child\" data-id=\"2571d24\" data-element_type=\"container\" data-settings=\"{&quot;background_background&quot;:&quot;classic&quot;}\">\n\t\t<div class=\"elementor-element elementor-element-08a8f8d e-flex e-con-boxed e-con e-child\" data-id=\"08a8f8d\" data-element_type=\"container\">\n\t\t\t\t\t<div class=\"e-con-inner\">\n\t\t\t\t<div class=\"elementor-element elementor-element-c417b7d elementor-align-center elementor-widget elementor-widget-button\" data-id=\"c417b7d\" data-element_type=\"widget\" data-widget_type=\"button.default\">\n\t\t\t\t<div class=\"elementor-widget-container\">\n\t\t\t\t\t\t\t<div class=\"elementor-button-wrapper\">\n\t\t\t\t\t<a class=\"elementor-button elementor-button-link elementor-size-sm\" href=\"https:\/\/hotel-casanina.com\/es\/suites\/\">\n\t\t\t\t\t\t<span class=\"elementor-button-content-wrapper\">\n\t\t\t\t\t\t\t\t\t<span class=\"elementor-button-text\">HABITACIONES<\/span>\n\t\t\t\t\t<\/span>\n\t\t\t\t\t<\/a>\n\t\t\t\t<\/div>\n\t\t\t\t\t\t<\/div>\n\t\t\t\t<\/div>\n\t\t\t\t\t<\/div>\n\t\t\t\t<\/div>\n\t\t<div class=\"elementor-element elementor-element-6418f95 e-flex e-con-boxed e-con e-child\" data-id=\"6418f95\" data-element_type=\"container\">\n\t\t\t\t\t<div class=\"e-con-inner\">\n\t\t\t\t<div class=\"elementor-element elementor-element-3ce63d3 elementor-align-center elementor-widget elementor-widget-button\" data-id=\"3ce63d3\" data-element_type=\"widget\" data-widget_type=\"button.default\">\n\t\t\t\t<div class=\"elementor-widget-container\">\n\t\t\t\t\t\t\t<div class=\"elementor-button-wrapper\">\n\t\t\t\t\t<a class=\"elementor-button elementor-button-link elementor-size-sm\" href=\"https:\/\/hotel-casanina.com\/es\/actividades\/\">\n\t\t\t\t\t\t<span class=\"elementor-button-content-wrapper\">\n\t\t\t\t\t\t\t\t\t<span class=\"elementor-button-text\">ACTIVIDADES<\/span>\n\t\t\t\t\t<\/span>\n\t\t\t\t\t<\/a>\n\t\t\t\t<\/div>\n\t\t\t\t\t\t<\/div>\n\t\t\t\t<\/div>\n\t\t\t\t\t<\/div>\n\t\t\t\t<\/div>\n\t\t<div class=\"elementor-element elementor-element-52255a1 e-flex e-con-boxed e-con e-child\" data-id=\"52255a1\" data-element_type=\"container\">\n\t\t\t\t\t<div class=\"e-con-inner\">\n\t\t\t\t<div class=\"elementor-element elementor-element-1fc67ce elementor-align-center elementor-widget elementor-widget-button\" data-id=\"1fc67ce\" data-element_type=\"widget\" data-widget_type=\"button.default\">\n\t\t\t\t<div class=\"elementor-widget-container\">\n\t\t\t\t\t\t\t<div class=\"elementor-button-wrapper\">\n\t\t\t\t\t<a class=\"elementor-button elementor-button-link elementor-size-sm\" href=\"https:\/\/hotel-casanina.com\/es\/informaciones\/\">\n\t\t\t\t\t\t<span class=\"elementor-button-content-wrapper\">\n\t\t\t\t\t\t\t\t\t<span class=\"elementor-button-text\">INFORMACIONES<\/span>\n\t\t\t\t\t<\/span>\n\t\t\t\t\t<\/a>\n\t\t\t\t<\/div>\n\t\t\t\t\t\t<\/div>\n\t\t\t\t<\/div>\n\t\t\t\t\t<\/div>\n\t\t\t\t<\/div>\n\t\t\t\t<\/div>\n\t\t\t\t<\/div>\n\t\t<div class=\"elementor-element elementor-element-6b76fa19 e-con-full e-flex e-con e-parent\" data-id=\"6b76fa19\" data-element_type=\"container\" data-settings=\"{&quot;background_background&quot;:&quot;classic&quot;}\">\n\t\t<div class=\"elementor-element elementor-element-28c8f07f e-con-full e-flex e-con e-child\" data-id=\"28c8f07f\" data-element_type=\"container\" data-settings=\"{&quot;background_background&quot;:&quot;slideshow&quot;,&quot;background_slideshow_gallery&quot;:[{&quot;id&quot;:560,&quot;url&quot;:&quot;https:\\\/\\\/hotel-casanina.com\\\/es\\\/wp-content\\\/uploads\\\/2024\\\/01\\\/Capture-e1705444787149.png&quot;},{&quot;id&quot;:553,&quot;url&quot;:&quot;https:\\\/\\\/hotel-casanina.com\\\/es\\\/wp-content\\\/uploads\\\/2024\\\/01\\\/IMG_2489-scaled-e1705442346869.jpg&quot;},{&quot;id&quot;:582,&quot;url&quot;:&quot;https:\\\/\\\/hotel-casanina.com\\\/es\\\/wp-content\\\/uploads\\\/2024\\\/01\\\/noaa-3nVbFN_jNNE-unsplash-scaled.jpg&quot;},{&quot;id&quot;:494,&quot;url&quot;:&quot;https:\\\/\\\/hotel-casanina.com\\\/es\\\/wp-content\\\/uploads\\\/2024\\\/01\\\/sunset-beach-1449450655z6n.jpg&quot;},{&quot;id&quot;:491,&quot;url&quot;:&quot;https:\\\/\\\/hotel-casanina.com\\\/es\\\/wp-content\\\/uploads\\\/2024\\\/01\\\/bar-876465_1920.jpg&quot;},{&quot;id&quot;:555,&quot;url&quot;:&quot;https:\\\/\\\/hotel-casanina.com\\\/es\\\/wp-content\\\/uploads\\\/2024\\\/01\\\/scan0039-scaled.jpg&quot;},{&quot;id&quot;:563,&quot;url&quot;:&quot;https:\\\/\\\/hotel-casanina.com\\\/es\\\/wp-content\\\/uploads\\\/2024\\\/01\\\/1345B6D4-A112-490B-9AF7-1274AA888C54_1_102_o.jpeg&quot;},{&quot;id&quot;:552,&quot;url&quot;:&quot;https:\\\/\\\/hotel-casanina.com\\\/es\\\/wp-content\\\/uploads\\\/2024\\\/01\\\/IMG_1918-scaled.jpg&quot;},{&quot;id&quot;:556,&quot;url&quot;:&quot;https:\\\/\\\/hotel-casanina.com\\\/es\\\/wp-content\\\/uploads\\\/2024\\\/01\\\/scan0026-scaled.jpg&quot;},{&quot;id&quot;:562,&quot;url&quot;:&quot;https:\\\/\\\/hotel-casanina.com\\\/es\\\/wp-content\\\/uploads\\\/2024\\\/01\\\/0771346C-1F7C-43C0-9C63-8DFBD8C22A68_1_102_o.jpeg&quot;}],&quot;background_slideshow_transition_duration&quot;:300,&quot;background_slideshow_loop&quot;:&quot;yes&quot;,&quot;background_slideshow_slide_duration&quot;:5000,&quot;background_slideshow_slide_transition&quot;:&quot;fade&quot;}\">\n\t\t\t\t<\/div>\n\t\t<div class=\"elementor-element elementor-element-7920d98b e-con-full e-flex e-con e-child\" data-id=\"7920d98b\" data-element_type=\"container\" data-settings=\"{&quot;background_background&quot;:&quot;classic&quot;}\">\n\t\t<div class=\"elementor-element elementor-element-216fa5c7 e-flex e-con-boxed e-con e-child\" data-id=\"216fa5c7\" data-element_type=\"container\" data-settings=\"{&quot;background_background&quot;:&quot;classic&quot;}\">\n\t\t\t\t\t<div class=\"e-con-inner\">\n\t\t\t\t<div class=\"elementor-element elementor-element-4c11e176 elementor-widget elementor-widget-spacer\" data-id=\"4c11e176\" data-element_type=\"widget\" data-widget_type=\"spacer.default\">\n\t\t\t\t<div class=\"elementor-widget-container\">\n\t\t\t\t\t<div class=\"elementor-spacer\">\n\t\t\t<div class=\"elementor-spacer-inner\"><\/div>\n\t\t<\/div>\n\t\t\t\t<\/div>\n\t\t\t\t<\/div>\n\t\t\t\t<div class=\"elementor-element elementor-element-1bccee7d elementor-widget__width-initial elementor-invisible elementor-widget elementor-widget-text-editor\" data-id=\"1bccee7d\" data-element_type=\"widget\" data-settings=\"{&quot;_animation&quot;:&quot;fadeInRight&quot;}\" data-widget_type=\"text-editor.default\">\n\t\t\t\t<div class=\"elementor-widget-container\">\n\t\t\t\t\t\t\t<p class=\"p1\"><strong>\u00bfCu\u00e1les ser\u00e1n tus actividades? \u00bfQu\u00e9 decisiones tomar\u00e1s?<\/strong><\/p><p class=\"p1\">Un abanico de posibilidades para descubrir la naturaleza circundante y la flora y fauna preservadas.<\/p><p class=\"p1\">Relajarse en playas desiertas donde la mirada vaga hacia el infinito entre el agua y el cielo o, tal vez, relajarse en una tumbona con arena, cocoteros, c\u00f3cteles y m\u00fasica en vivo&#8230;<\/p><p class=\"p1\">Deportes: kitesurf, paddle, surf, clubes y escuelas de buceo o, para una c\u00f3moda aproximaci\u00f3n a los fondos marinos y a las zonas de coral, basta con una m\u00e1scara y un snorkel&#8230;<\/p><p class=\"p1\">Paseo en barco por sitios aislados, cuevas que revelan la fascinante historia de la isla, senderismo, rutas en quad, bicicleta de monta\u00f1a, paseos a caballo para descubrir cascadas, cultivos de caf\u00e9 y cacao, playas escondidas&#8230;<\/p><p class=\"p1\">Veladas de fiesta con animados bares y restaurantes, discotecas, con los pies en la arena o no&#8230;<\/p><p class=\"p1\">Tus anfitriones estar\u00e1n encantados de compartir sus experiencias para satisfacer tus ganas de actividades, excursiones y buenos restaurantes.<\/p>\t\t\t\t\t\t<\/div>\n\t\t\t\t<\/div>\n\t\t\t\t\t<\/div>\n\t\t\t\t<\/div>\n\t\t\t\t<\/div>\n\t\t\t\t<\/div>\n\t\t\t\t<\/div>\n\t\t","protected":false},"excerpt":{"rendered":"<p>AVENIDA ESPANA &#8211; PUNTA POPI \u2013 LAS TERRENAS WhatsApp +1 829 770 7647 hotelcasanina@gmail.com HABITACIONES ACTIVIDADES INFORMACIONES \u00bfCu\u00e1les ser\u00e1n tus actividades? \u00bfQu\u00e9 decisiones tomar\u00e1s? Un abanico de posibilidades para descubrir la naturaleza circundante y la flora y fauna preservadas. Relajarse en playas desiertas donde la mirada vaga hacia el infinito entre el agua y el [&hellip;]<\/p>\n","protected":false},"author":2,"featured_media":0,"parent":0,"menu_order":0,"comment_status":"closed","ping_status":"closed","template":"","meta":{"footnotes":""},"class_list":["post-317","page","type-page","status-publish","hentry"],"yoast_head":"<!-- This site is optimized with the Yoast SEO plugin v23.8 - https:\/\/yoast.com\/wordpress\/plugins\/seo\/ -->\n<title>Actividades - Hotel Casa Nina<\/title>\n<meta name=\"robots\" content=\"index, follow, max-snippet:-1, max-image-preview:large, max-video-preview:-1\" \/>\n<link rel=\"canonical\" href=\"https:\/\/hotel-casanina.com\/es\/actividades\/\" \/>\n<meta property=\"og:locale\" content=\"fr_FR\" \/>\n<meta property=\"og:type\" content=\"article\" \/>\n<meta property=\"og:title\" content=\"Actividades - Hotel Casa Nina\" \/>\n<meta property=\"og:description\" content=\"AVENIDA ESPANA &#8211; PUNTA POPI \u2013 LAS TERRENAS WhatsApp +1 829 770 7647 hotelcasanina@gmail.com HABITACIONES ACTIVIDADES INFORMACIONES \u00bfCu\u00e1les ser\u00e1n tus actividades? \u00bfQu\u00e9 decisiones tomar\u00e1s? Un abanico de posibilidades para descubrir la naturaleza circundante y la flora y fauna preservadas. Relajarse en playas desiertas donde la mirada vaga hacia el infinito entre el agua y el [&hellip;]\" \/>\n<meta property=\"og:url\" content=\"https:\/\/hotel-casanina.com\/es\/actividades\/\" \/>\n<meta property=\"og:site_name\" content=\"Hotel Casa Nina\" \/>\n<meta property=\"article:modified_time\" content=\"2024-11-14T21:19:33+00:00\" \/>\n<meta property=\"og:image\" content=\"https:\/\/hotel-casanina.com\/es\/wp-content\/uploads\/2024\/01\/92087_france_icon.png\" \/>\n\t<meta property=\"og:image:width\" content=\"64\" \/>\n\t<meta property=\"og:image:height\" content=\"64\" \/>\n\t<meta property=\"og:image:type\" content=\"image\/png\" \/>\n<meta name=\"twitter:card\" content=\"summary_large_image\" \/>\n<meta name=\"twitter:label1\" content=\"Dur\u00e9e de lecture estim\u00e9e\" \/>\n\t<meta name=\"twitter:data1\" content=\"2 minutes\" \/>\n<script type=\"application\/ld+json\" class=\"yoast-schema-graph\">{\"@context\":\"https:\/\/schema.org\",\"@graph\":[{\"@type\":\"WebPage\",\"@id\":\"https:\/\/hotel-casanina.com\/es\/actividades\/\",\"url\":\"https:\/\/hotel-casanina.com\/es\/actividades\/\",\"name\":\"Actividades - Hotel Casa Nina\",\"isPartOf\":{\"@id\":\"https:\/\/hotel-casanina.com\/es\/#website\"},\"primaryImageOfPage\":{\"@id\":\"https:\/\/hotel-casanina.com\/es\/actividades\/#primaryimage\"},\"image\":{\"@id\":\"https:\/\/hotel-casanina.com\/es\/actividades\/#primaryimage\"},\"thumbnailUrl\":\"https:\/\/hotel-casanina.com\/es\/wp-content\/uploads\/2024\/01\/92087_france_icon.png\",\"datePublished\":\"2023-12-18T21:02:51+00:00\",\"dateModified\":\"2024-11-14T21:19:33+00:00\",\"breadcrumb\":{\"@id\":\"https:\/\/hotel-casanina.com\/es\/actividades\/#breadcrumb\"},\"inLanguage\":\"fr-FR\",\"potentialAction\":[{\"@type\":\"ReadAction\",\"target\":[\"https:\/\/hotel-casanina.com\/es\/actividades\/\"]}]},{\"@type\":\"ImageObject\",\"inLanguage\":\"fr-FR\",\"@id\":\"https:\/\/hotel-casanina.com\/es\/actividades\/#primaryimage\",\"url\":\"https:\/\/hotel-casanina.com\/es\/wp-content\/uploads\/2024\/01\/92087_france_icon.png\",\"contentUrl\":\"https:\/\/hotel-casanina.com\/es\/wp-content\/uploads\/2024\/01\/92087_france_icon.png\",\"width\":64,\"height\":64,\"caption\":\"french language\"},{\"@type\":\"BreadcrumbList\",\"@id\":\"https:\/\/hotel-casanina.com\/es\/actividades\/#breadcrumb\",\"itemListElement\":[{\"@type\":\"ListItem\",\"position\":1,\"name\":\"Accueil\",\"item\":\"https:\/\/hotel-casanina.com\/es\/\"},{\"@type\":\"ListItem\",\"position\":2,\"name\":\"Actividades\"}]},{\"@type\":\"WebSite\",\"@id\":\"https:\/\/hotel-casanina.com\/es\/#website\",\"url\":\"https:\/\/hotel-casanina.com\/es\/\",\"name\":\"Hotel Casa Nina\",\"description\":\"\",\"publisher\":{\"@id\":\"https:\/\/hotel-casanina.com\/es\/#organization\"},\"potentialAction\":[{\"@type\":\"SearchAction\",\"target\":{\"@type\":\"EntryPoint\",\"urlTemplate\":\"https:\/\/hotel-casanina.com\/es\/?s={search_term_string}\"},\"query-input\":{\"@type\":\"PropertyValueSpecification\",\"valueRequired\":true,\"valueName\":\"search_term_string\"}}],\"inLanguage\":\"fr-FR\"},{\"@type\":\"Organization\",\"@id\":\"https:\/\/hotel-casanina.com\/es\/#organization\",\"name\":\"Hotel Casa Nina\",\"url\":\"https:\/\/hotel-casanina.com\/es\/\",\"logo\":{\"@type\":\"ImageObject\",\"inLanguage\":\"fr-FR\",\"@id\":\"https:\/\/hotel-casanina.com\/es\/#\/schema\/logo\/image\/\",\"url\":\"https:\/\/hotel-casanina.com\/es\/wp-content\/uploads\/2023\/12\/Sans-titre.png\",\"contentUrl\":\"https:\/\/hotel-casanina.com\/es\/wp-content\/uploads\/2023\/12\/Sans-titre.png\",\"width\":511,\"height\":113,\"caption\":\"Hotel Casa Nina\"},\"image\":{\"@id\":\"https:\/\/hotel-casanina.com\/es\/#\/schema\/logo\/image\/\"}}]}<\/script>\n<!-- \/ Yoast SEO plugin. -->","yoast_head_json":{"title":"Actividades - Hotel Casa Nina","robots":{"index":"index","follow":"follow","max-snippet":"max-snippet:-1","max-image-preview":"max-image-preview:large","max-video-preview":"max-video-preview:-1"},"canonical":"https:\/\/hotel-casanina.com\/es\/actividades\/","og_locale":"fr_FR","og_type":"article","og_title":"Actividades - Hotel Casa Nina","og_description":"AVENIDA ESPANA &#8211; PUNTA POPI \u2013 LAS TERRENAS WhatsApp +1 829 770 7647 hotelcasanina@gmail.com HABITACIONES ACTIVIDADES INFORMACIONES \u00bfCu\u00e1les ser\u00e1n tus actividades? \u00bfQu\u00e9 decisiones tomar\u00e1s? Un abanico de posibilidades para descubrir la naturaleza circundante y la flora y fauna preservadas. Relajarse en playas desiertas donde la mirada vaga hacia el infinito entre el agua y el [&hellip;]","og_url":"https:\/\/hotel-casanina.com\/es\/actividades\/","og_site_name":"Hotel Casa Nina","article_modified_time":"2024-11-14T21:19:33+00:00","og_image":[{"width":64,"height":64,"url":"https:\/\/hotel-casanina.com\/es\/wp-content\/uploads\/2024\/01\/92087_france_icon.png","type":"image\/png"}],"twitter_card":"summary_large_image","twitter_misc":{"Dur\u00e9e de lecture estim\u00e9e":"2 minutes"},"schema":{"@context":"https:\/\/schema.org","@graph":[{"@type":"WebPage","@id":"https:\/\/hotel-casanina.com\/es\/actividades\/","url":"https:\/\/hotel-casanina.com\/es\/actividades\/","name":"Actividades - Hotel Casa Nina","isPartOf":{"@id":"https:\/\/hotel-casanina.com\/es\/#website"},"primaryImageOfPage":{"@id":"https:\/\/hotel-casanina.com\/es\/actividades\/#primaryimage"},"image":{"@id":"https:\/\/hotel-casanina.com\/es\/actividades\/#primaryimage"},"thumbnailUrl":"https:\/\/hotel-casanina.com\/es\/wp-content\/uploads\/2024\/01\/92087_france_icon.png","datePublished":"2023-12-18T21:02:51+00:00","dateModified":"2024-11-14T21:19:33+00:00","breadcrumb":{"@id":"https:\/\/hotel-casanina.com\/es\/actividades\/#breadcrumb"},"inLanguage":"fr-FR","potentialAction":[{"@type":"ReadAction","target":["https:\/\/hotel-casanina.com\/es\/actividades\/"]}]},{"@type":"ImageObject","inLanguage":"fr-FR","@id":"https:\/\/hotel-casanina.com\/es\/actividades\/#primaryimage","url":"https:\/\/hotel-casanina.com\/es\/wp-content\/uploads\/2024\/01\/92087_france_icon.png","contentUrl":"https:\/\/hotel-casanina.com\/es\/wp-content\/uploads\/2024\/01\/92087_france_icon.png","width":64,"height":64,"caption":"french language"},{"@type":"BreadcrumbList","@id":"https:\/\/hotel-casanina.com\/es\/actividades\/#breadcrumb","itemListElement":[{"@type":"ListItem","position":1,"name":"Accueil","item":"https:\/\/hotel-casanina.com\/es\/"},{"@type":"ListItem","position":2,"name":"Actividades"}]},{"@type":"WebSite","@id":"https:\/\/hotel-casanina.com\/es\/#website","url":"https:\/\/hotel-casanina.com\/es\/","name":"Hotel Casa Nina","description":"","publisher":{"@id":"https:\/\/hotel-casanina.com\/es\/#organization"},"potentialAction":[{"@type":"SearchAction","target":{"@type":"EntryPoint","urlTemplate":"https:\/\/hotel-casanina.com\/es\/?s={search_term_string}"},"query-input":{"@type":"PropertyValueSpecification","valueRequired":true,"valueName":"search_term_string"}}],"inLanguage":"fr-FR"},{"@type":"Organization","@id":"https:\/\/hotel-casanina.com\/es\/#organization","name":"Hotel Casa Nina","url":"https:\/\/hotel-casanina.com\/es\/","logo":{"@type":"ImageObject","inLanguage":"fr-FR","@id":"https:\/\/hotel-casanina.com\/es\/#\/schema\/logo\/image\/","url":"https:\/\/hotel-casanina.com\/es\/wp-content\/uploads\/2023\/12\/Sans-titre.png","contentUrl":"https:\/\/hotel-casanina.com\/es\/wp-content\/uploads\/2023\/12\/Sans-titre.png","width":511,"height":113,"caption":"Hotel Casa Nina"},"image":{"@id":"https:\/\/hotel-casanina.com\/es\/#\/schema\/logo\/image\/"}}]}},"_links":{"self":[{"href":"https:\/\/hotel-casanina.com\/es\/wp-json\/wp\/v2\/pages\/317","targetHints":{"allow":["GET"]}}],"collection":[{"href":"https:\/\/hotel-casanina.com\/es\/wp-json\/wp\/v2\/pages"}],"about":[{"href":"https:\/\/hotel-casanina.com\/es\/wp-json\/wp\/v2\/types\/page"}],"author":[{"embeddable":true,"href":"https:\/\/hotel-casanina.com\/es\/wp-json\/wp\/v2\/users\/2"}],"replies":[{"embeddable":true,"href":"https:\/\/hotel-casanina.com\/es\/wp-json\/wp\/v2\/comments?post=317"}],"version-history":[{"count":56,"href":"https:\/\/hotel-casanina.com\/es\/wp-json\/wp\/v2\/pages\/317\/revisions"}],"predecessor-version":[{"id":716,"href":"https:\/\/hotel-casanina.com\/es\/wp-json\/wp\/v2\/pages\/317\/revisions\/716"}],"wp:attachment":[{"href":"https:\/\/hotel-casanina.com\/es\/wp-json\/wp\/v2\/media?parent=317"}],"curies":[{"name":"wp","href":"https:\/\/api.w.org\/{rel}","templated":true}]}}