{"id":227,"date":"2023-12-18T19:28:34","date_gmt":"2023-12-18T19:28:34","guid":{"rendered":"https:\/\/hotel-casanina.com\/es\/?page_id=227"},"modified":"2024-11-14T21:20:40","modified_gmt":"2024-11-14T21:20:40","slug":"habitaciones-standard","status":"publish","type":"page","link":"https:\/\/hotel-casanina.com\/es\/habitaciones-standard\/","title":{"rendered":"Habitaciones standard"},"content":{"rendered":"\t\t<div data-elementor-type=\"wp-page\" data-elementor-id=\"227\" class=\"elementor elementor-227\">\n\t\t\t\t<div class=\"elementor-element elementor-element-9ccb19e e-con-full e-flex e-con e-parent\" data-id=\"9ccb19e\" data-element_type=\"container\" data-settings=\"{&quot;background_background&quot;:&quot;classic&quot;}\">\n\t\t<div class=\"elementor-element elementor-element-0e572ba e-con-full e-flex e-con e-child\" data-id=\"0e572ba\" data-element_type=\"container\">\n\t\t\t\t<div class=\"elementor-element elementor-element-61e3b3e elementor-widget elementor-widget-image\" data-id=\"61e3b3e\" data-element_type=\"widget\" data-widget_type=\"image.default\">\n\t\t\t\t<div class=\"elementor-widget-container\">\n\t\t\t\t\t\t\t\t\t\t\t\t\t\t<a href=\"https:\/\/hotel-casanina.com\/\">\n\t\t\t\t\t\t\t<img decoding=\"async\" width=\"64\" height=\"64\" src=\"https:\/\/hotel-casanina.com\/es\/wp-content\/uploads\/2024\/01\/92087_france_icon.png\" class=\"attachment-large size-large wp-image-659\" alt=\"french language\" \/>\t\t\t\t\t\t\t\t<\/a>\n\t\t\t\t\t\t\t\t\t\t\t\t\t<\/div>\n\t\t\t\t<\/div>\n\t\t\t\t<div class=\"elementor-element elementor-element-d998f36 elementor-widget elementor-widget-image\" data-id=\"d998f36\" data-element_type=\"widget\" data-widget_type=\"image.default\">\n\t\t\t\t<div class=\"elementor-widget-container\">\n\t\t\t\t\t\t\t\t\t\t\t\t\t\t<a href=\"https:\/\/hotel-casanina.com\/en\/\">\n\t\t\t\t\t\t\t<img decoding=\"async\" width=\"64\" height=\"64\" src=\"https:\/\/hotel-casanina.com\/es\/wp-content\/uploads\/2024\/11\/92407_states_united_icon.png\" class=\"attachment-large size-large wp-image-713\" alt=\"english language\" \/>\t\t\t\t\t\t\t\t<\/a>\n\t\t\t\t\t\t\t\t\t\t\t\t\t<\/div>\n\t\t\t\t<\/div>\n\t\t\t\t<\/div>\n\t\t<div class=\"elementor-element elementor-element-e3be76b e-con-full e-flex e-con e-child\" data-id=\"e3be76b\" data-element_type=\"container\">\n\t\t\t\t<div class=\"elementor-element elementor-element-4b279ce elementor-widget elementor-widget-image\" data-id=\"4b279ce\" data-element_type=\"widget\" data-widget_type=\"image.default\">\n\t\t\t\t<div class=\"elementor-widget-container\">\n\t\t\t\t\t\t\t\t\t\t\t\t\t\t<a href=\"https:\/\/hotel-casanina.com\/es\/\">\n\t\t\t\t\t\t\t<img decoding=\"async\" width=\"157\" height=\"35\" src=\"https:\/\/hotel-casanina.com\/es\/wp-content\/uploads\/2024\/01\/logo_hotel_casa-nina_blanc-1.svg\" class=\"attachment-large size-large wp-image-453\" alt=\"\" \/>\t\t\t\t\t\t\t\t<\/a>\n\t\t\t\t\t\t\t\t\t\t\t\t\t<\/div>\n\t\t\t\t<\/div>\n\t\t\t\t<div class=\"elementor-element elementor-element-02ea615 elementor-widget elementor-widget-heading\" data-id=\"02ea615\" data-element_type=\"widget\" data-widget_type=\"heading.default\">\n\t\t\t\t<div class=\"elementor-widget-container\">\n\t\t\t<p class=\"elementor-heading-title elementor-size-default\">AVENIDA ESPANA - PUNTA POPI \u2013 LAS TERRENAS\n<\/p>\t\t<\/div>\n\t\t\t\t<\/div>\n\t\t\t\t<\/div>\n\t\t<div class=\"elementor-element elementor-element-442f9a1 e-con-full e-flex e-con e-child\" data-id=\"442f9a1\" data-element_type=\"container\">\n\t\t\t\t<div class=\"elementor-element elementor-element-6b84b85 elementor-widget elementor-widget-heading\" data-id=\"6b84b85\" data-element_type=\"widget\" data-widget_type=\"heading.default\">\n\t\t\t\t<div class=\"elementor-widget-container\">\n\t\t\t<div class=\"elementor-heading-title elementor-size-default\"><a href=\"tel:+18297707647\">WhatsApp +1 829 770 7647<\/a><\/div>\t\t<\/div>\n\t\t\t\t<\/div>\n\t\t\t\t<div class=\"elementor-element elementor-element-3c30a22 elementor-widget elementor-widget-heading\" data-id=\"3c30a22\" data-element_type=\"widget\" data-widget_type=\"heading.default\">\n\t\t\t\t<div class=\"elementor-widget-container\">\n\t\t\t<div class=\"elementor-heading-title elementor-size-default\"><a href=\"mailto:hotelcasanina@gmail.com\u200b\">hotelcasanina@gmail.com<\/a><\/div>\t\t<\/div>\n\t\t\t\t<\/div>\n\t\t\t\t<\/div>\n\t\t<div class=\"elementor-element elementor-element-5213f80 e-con-full e-flex e-con e-child\" data-id=\"5213f80\" data-element_type=\"container\" data-settings=\"{&quot;background_background&quot;:&quot;classic&quot;}\">\n\t\t<div class=\"elementor-element elementor-element-561a067 e-flex e-con-boxed e-con e-child\" data-id=\"561a067\" data-element_type=\"container\">\n\t\t\t\t\t<div class=\"e-con-inner\">\n\t\t\t\t<div class=\"elementor-element elementor-element-63f944c elementor-align-center elementor-widget elementor-widget-button\" data-id=\"63f944c\" data-element_type=\"widget\" data-widget_type=\"button.default\">\n\t\t\t\t<div class=\"elementor-widget-container\">\n\t\t\t\t\t\t\t<div class=\"elementor-button-wrapper\">\n\t\t\t\t\t<a class=\"elementor-button elementor-button-link elementor-size-sm\" href=\"https:\/\/hotel-casanina.com\/es\/suites\/\">\n\t\t\t\t\t\t<span class=\"elementor-button-content-wrapper\">\n\t\t\t\t\t\t\t\t\t<span class=\"elementor-button-text\">HABITACIONES<\/span>\n\t\t\t\t\t<\/span>\n\t\t\t\t\t<\/a>\n\t\t\t\t<\/div>\n\t\t\t\t\t\t<\/div>\n\t\t\t\t<\/div>\n\t\t\t\t\t<\/div>\n\t\t\t\t<\/div>\n\t\t<div class=\"elementor-element elementor-element-7408768 e-flex e-con-boxed e-con e-child\" data-id=\"7408768\" data-element_type=\"container\">\n\t\t\t\t\t<div class=\"e-con-inner\">\n\t\t\t\t<div class=\"elementor-element elementor-element-a67d8b6 elementor-align-center elementor-widget elementor-widget-button\" data-id=\"a67d8b6\" data-element_type=\"widget\" data-widget_type=\"button.default\">\n\t\t\t\t<div class=\"elementor-widget-container\">\n\t\t\t\t\t\t\t<div class=\"elementor-button-wrapper\">\n\t\t\t\t\t<a class=\"elementor-button elementor-button-link elementor-size-sm\" href=\"https:\/\/hotel-casanina.com\/es\/actividades\/\">\n\t\t\t\t\t\t<span class=\"elementor-button-content-wrapper\">\n\t\t\t\t\t\t\t\t\t<span class=\"elementor-button-text\">ACTIVIDADES<\/span>\n\t\t\t\t\t<\/span>\n\t\t\t\t\t<\/a>\n\t\t\t\t<\/div>\n\t\t\t\t\t\t<\/div>\n\t\t\t\t<\/div>\n\t\t\t\t\t<\/div>\n\t\t\t\t<\/div>\n\t\t<div class=\"elementor-element elementor-element-611ec56 e-flex e-con-boxed e-con e-child\" data-id=\"611ec56\" data-element_type=\"container\">\n\t\t\t\t\t<div class=\"e-con-inner\">\n\t\t\t\t<div class=\"elementor-element elementor-element-6b2b3d5 elementor-align-center elementor-widget elementor-widget-button\" data-id=\"6b2b3d5\" data-element_type=\"widget\" data-widget_type=\"button.default\">\n\t\t\t\t<div class=\"elementor-widget-container\">\n\t\t\t\t\t\t\t<div class=\"elementor-button-wrapper\">\n\t\t\t\t\t<a class=\"elementor-button elementor-button-link elementor-size-sm\" href=\"https:\/\/hotel-casanina.com\/es\/informaciones\/\">\n\t\t\t\t\t\t<span class=\"elementor-button-content-wrapper\">\n\t\t\t\t\t\t\t\t\t<span class=\"elementor-button-text\">INFORMACIONES<\/span>\n\t\t\t\t\t<\/span>\n\t\t\t\t\t<\/a>\n\t\t\t\t<\/div>\n\t\t\t\t\t\t<\/div>\n\t\t\t\t<\/div>\n\t\t\t\t\t<\/div>\n\t\t\t\t<\/div>\n\t\t\t\t<\/div>\n\t\t\t\t<\/div>\n\t\t<div class=\"elementor-element elementor-element-11eb8981 e-con-full e-flex e-con e-parent\" data-id=\"11eb8981\" data-element_type=\"container\" data-settings=\"{&quot;background_background&quot;:&quot;classic&quot;}\">\n\t\t<div class=\"elementor-element elementor-element-116eaed1 e-con-full e-flex e-con e-child\" data-id=\"116eaed1\" data-element_type=\"container\" data-settings=\"{&quot;background_background&quot;:&quot;slideshow&quot;,&quot;background_slideshow_gallery&quot;:[{&quot;id&quot;:105,&quot;url&quot;:&quot;https:\\\/\\\/hotel-casanina.com\\\/es\\\/wp-content\\\/uploads\\\/2023\\\/12\\\/H12-scaled.jpg&quot;},{&quot;id&quot;:113,&quot;url&quot;:&quot;https:\\\/\\\/hotel-casanina.com\\\/es\\\/wp-content\\\/uploads\\\/2023\\\/12\\\/H11-scaled.jpg&quot;},{&quot;id&quot;:99,&quot;url&quot;:&quot;https:\\\/\\\/hotel-casanina.com\\\/es\\\/wp-content\\\/uploads\\\/2023\\\/12\\\/H5-scaled.jpg&quot;},{&quot;id&quot;:93,&quot;url&quot;:&quot;https:\\\/\\\/hotel-casanina.com\\\/es\\\/wp-content\\\/uploads\\\/2023\\\/12\\\/H15-HAUT-scaled.jpg&quot;},{&quot;id&quot;:101,&quot;url&quot;:&quot;https:\\\/\\\/hotel-casanina.com\\\/es\\\/wp-content\\\/uploads\\\/2023\\\/12\\\/MG_1317-1-scaled.jpg&quot;}],&quot;background_slideshow_loop&quot;:&quot;yes&quot;,&quot;background_slideshow_slide_duration&quot;:5000,&quot;background_slideshow_slide_transition&quot;:&quot;fade&quot;,&quot;background_slideshow_transition_duration&quot;:500}\">\n\t\t\t\t<\/div>\n\t\t<div class=\"elementor-element elementor-element-e7fe942 e-con-full e-flex e-con e-child\" data-id=\"e7fe942\" data-element_type=\"container\" data-settings=\"{&quot;background_background&quot;:&quot;classic&quot;}\">\n\t\t<div class=\"elementor-element elementor-element-3bce265b e-flex e-con-boxed e-con e-child\" data-id=\"3bce265b\" data-element_type=\"container\" data-settings=\"{&quot;background_background&quot;:&quot;classic&quot;}\">\n\t\t\t\t\t<div class=\"e-con-inner\">\n\t\t\t\t<div class=\"elementor-element elementor-element-1ac811e elementor-widget elementor-widget-spacer\" data-id=\"1ac811e\" data-element_type=\"widget\" data-widget_type=\"spacer.default\">\n\t\t\t\t<div class=\"elementor-widget-container\">\n\t\t\t\t\t<div class=\"elementor-spacer\">\n\t\t\t<div class=\"elementor-spacer-inner\"><\/div>\n\t\t<\/div>\n\t\t\t\t<\/div>\n\t\t\t\t<\/div>\n\t\t<div class=\"elementor-element elementor-element-7969ce77 e-flex e-con-boxed e-con e-child\" data-id=\"7969ce77\" data-element_type=\"container\" data-settings=\"{&quot;background_background&quot;:&quot;classic&quot;}\">\n\t\t\t\t\t<div class=\"e-con-inner\">\n\t\t\t\t<div class=\"elementor-element elementor-element-9c83213 elementor-tablet-align-center elementor-mobile-align-center elementor-widget elementor-widget-button\" data-id=\"9c83213\" data-element_type=\"widget\" data-widget_type=\"button.default\">\n\t\t\t\t<div class=\"elementor-widget-container\">\n\t\t\t\t\t\t\t<div class=\"elementor-button-wrapper\">\n\t\t\t\t\t<a class=\"elementor-button elementor-button-link elementor-size-sm\" href=\"https:\/\/hotel-casanina.com\/es\/suites\/\">\n\t\t\t\t\t\t<span class=\"elementor-button-content-wrapper\">\n\t\t\t\t\t\t\t\t\t<span class=\"elementor-button-text\">2 SUITES<\/span>\n\t\t\t\t\t<\/span>\n\t\t\t\t\t<\/a>\n\t\t\t\t<\/div>\n\t\t\t\t\t\t<\/div>\n\t\t\t\t<\/div>\n\t\t\t\t\t<\/div>\n\t\t\t\t<\/div>\n\t\t\t\t\t<\/div>\n\t\t\t\t<\/div>\n\t\t<div class=\"elementor-element elementor-element-56b341a1 e-flex e-con-boxed e-con e-child\" data-id=\"56b341a1\" data-element_type=\"container\" data-settings=\"{&quot;background_background&quot;:&quot;classic&quot;}\">\n\t\t\t\t\t<div class=\"e-con-inner\">\n\t\t\t\t<div class=\"elementor-element elementor-element-6ea60848 elementor-mobile-align-center elementor-widget elementor-widget-button\" data-id=\"6ea60848\" data-element_type=\"widget\" data-widget_type=\"button.default\">\n\t\t\t\t<div class=\"elementor-widget-container\">\n\t\t\t\t\t\t\t<div class=\"elementor-button-wrapper\">\n\t\t\t\t\t<a class=\"elementor-button elementor-button-link elementor-size-sm\" href=\"https:\/\/hotel-casanina.com\/es\/habitaciones-aire-acondicionado\/\">\n\t\t\t\t\t\t<span class=\"elementor-button-content-wrapper\">\n\t\t\t\t\t\t\t\t\t<span class=\"elementor-button-text\">6 HABITACIONES A\/C<\/span>\n\t\t\t\t\t<\/span>\n\t\t\t\t\t<\/a>\n\t\t\t\t<\/div>\n\t\t\t\t\t\t<\/div>\n\t\t\t\t<\/div>\n\t\t\t\t\t<\/div>\n\t\t\t\t<\/div>\n\t\t<div class=\"elementor-element elementor-element-487b683 e-flex e-con-boxed e-con e-child\" data-id=\"487b683\" data-element_type=\"container\" data-settings=\"{&quot;background_background&quot;:&quot;classic&quot;}\">\n\t\t\t\t\t<div class=\"e-con-inner\">\n\t\t\t\t<div class=\"elementor-element elementor-element-32db3740 elementor-mobile-align-center elementor-widget elementor-widget-button\" data-id=\"32db3740\" data-element_type=\"widget\" data-widget_type=\"button.default\">\n\t\t\t\t<div class=\"elementor-widget-container\">\n\t\t\t\t\t\t\t<div class=\"elementor-button-wrapper\">\n\t\t\t\t\t<a class=\"elementor-button elementor-button-link elementor-size-sm\" href=\"https:\/\/hotel-casanina.com\/es\/habitaciones-standard\/\">\n\t\t\t\t\t\t<span class=\"elementor-button-content-wrapper\">\n\t\t\t\t\t\t\t\t\t<span class=\"elementor-button-text\">5 HABITACIONES STANDARD<\/span>\n\t\t\t\t\t<\/span>\n\t\t\t\t\t<\/a>\n\t\t\t\t<\/div>\n\t\t\t\t\t\t<\/div>\n\t\t\t\t<\/div>\n\t\t\t\t\t<\/div>\n\t\t\t\t<\/div>\n\t\t<div class=\"elementor-element elementor-element-2cd3ce30 e-flex e-con-boxed e-con e-child\" data-id=\"2cd3ce30\" data-element_type=\"container\" data-settings=\"{&quot;background_background&quot;:&quot;classic&quot;}\">\n\t\t\t\t\t<div class=\"e-con-inner\">\n\t\t\t\t<div class=\"elementor-element elementor-element-189fe2aa elementor-widget elementor-widget-spacer\" data-id=\"189fe2aa\" data-element_type=\"widget\" data-widget_type=\"spacer.default\">\n\t\t\t\t<div class=\"elementor-widget-container\">\n\t\t\t\t\t<div class=\"elementor-spacer\">\n\t\t\t<div class=\"elementor-spacer-inner\"><\/div>\n\t\t<\/div>\n\t\t\t\t<\/div>\n\t\t\t\t<\/div>\n\t\t\t\t<div class=\"elementor-element elementor-element-276cc06 elementor-widget__width-initial elementor-invisible elementor-widget elementor-widget-text-editor\" data-id=\"276cc06\" data-element_type=\"widget\" data-settings=\"{&quot;_animation&quot;:&quot;fadeInRight&quot;}\" data-widget_type=\"text-editor.default\">\n\t\t\t\t<div class=\"elementor-widget-container\">\n\t\t\t\t\t\t\t<p><strong>Habitaci\u00f3n para 2 personas<\/strong><\/p><ul><li class=\"p1\">Cama de matrimonio<\/li><li class=\"p1\">Terraza privada, vista al jard\u00edn y piscina,<\/li><li class=\"p1\">Ventilador, televisi\u00f3n, wifi<\/li><\/ul>\t\t\t\t\t\t<\/div>\n\t\t\t\t<\/div>\n\t\t\t\t<div class=\"elementor-element elementor-element-144e8b8f elementor-widget__width-initial elementor-invisible elementor-widget elementor-widget-text-editor\" data-id=\"144e8b8f\" data-element_type=\"widget\" data-settings=\"{&quot;_animation&quot;:&quot;fadeInRight&quot;}\" data-widget_type=\"text-editor.default\">\n\t\t\t\t<div class=\"elementor-widget-container\">\n\t\t\t\t\t\t\t<p class=\"p1\"><strong>Habitaci\u00f3n 4 personas<\/strong><\/p><ul><li class=\"p1\">Cama tama\u00f1o queen + 2 camas individuales<\/li><li class=\"p1\">Terraza privada, vista al jard\u00edn y piscina,<\/li><li class=\"p1\">Ventilador, televisi\u00f3n, wifi<\/li><\/ul>\t\t\t\t\t\t<\/div>\n\t\t\t\t<\/div>\n\t\t\t\t<div class=\"elementor-element elementor-element-7d0fdfae elementor-widget__width-initial elementor-invisible elementor-widget elementor-widget-text-editor\" data-id=\"7d0fdfae\" data-element_type=\"widget\" data-settings=\"{&quot;_animation&quot;:&quot;fadeInRight&quot;}\" data-widget_type=\"text-editor.default\">\n\t\t\t\t<div class=\"elementor-widget-container\">\n\t\t\t\t\t\t\t<p class=\"p1\"><strong>Habitaci\u00f3n 5 personas<\/strong><\/p><ul><li class=\"p1\">Cama tama\u00f1o queen + 3 camas individuales en el entrepiso<\/li><li class=\"p1\">Terraza privada, vista al jard\u00edn y piscina,<\/li><li class=\"p1\">Ventilador, televisi\u00f3n, wifi<\/li><\/ul>\t\t\t\t\t\t<\/div>\n\t\t\t\t<\/div>\n\t\t\t\t\t<\/div>\n\t\t\t\t<\/div>\n\t\t\t\t<\/div>\n\t\t\t\t<\/div>\n\t\t\t\t<\/div>\n\t\t","protected":false},"excerpt":{"rendered":"<p>AVENIDA ESPANA &#8211; PUNTA POPI \u2013 LAS TERRENAS WhatsApp +1 829 770 7647 hotelcasanina@gmail.com HABITACIONES ACTIVIDADES INFORMACIONES 2 SUITES 6 HABITACIONES A\/C 5 HABITACIONES STANDARD Habitaci\u00f3n para 2 personas Cama de matrimonio Terraza privada, vista al jard\u00edn y piscina, Ventilador, televisi\u00f3n, wifi Habitaci\u00f3n 4 personas Cama tama\u00f1o queen + 2 camas individuales Terraza privada, vista [&hellip;]<\/p>\n","protected":false},"author":2,"featured_media":0,"parent":0,"menu_order":0,"comment_status":"closed","ping_status":"closed","template":"","meta":{"footnotes":""},"class_list":["post-227","page","type-page","status-publish","hentry"],"yoast_head":"<!-- This site is optimized with the Yoast SEO plugin v23.8 - https:\/\/yoast.com\/wordpress\/plugins\/seo\/ -->\n<title>Habitaciones standard - Hotel Casa Nina<\/title>\n<meta name=\"robots\" content=\"index, follow, max-snippet:-1, max-image-preview:large, max-video-preview:-1\" \/>\n<link rel=\"canonical\" href=\"https:\/\/hotel-casanina.com\/es\/habitaciones-standard\/\" \/>\n<meta property=\"og:locale\" content=\"fr_FR\" \/>\n<meta property=\"og:type\" content=\"article\" \/>\n<meta property=\"og:title\" content=\"Habitaciones standard - Hotel Casa Nina\" \/>\n<meta property=\"og:description\" content=\"AVENIDA ESPANA &#8211; PUNTA POPI \u2013 LAS TERRENAS WhatsApp +1 829 770 7647 hotelcasanina@gmail.com HABITACIONES ACTIVIDADES INFORMACIONES 2 SUITES 6 HABITACIONES A\/C 5 HABITACIONES STANDARD Habitaci\u00f3n para 2 personas Cama de matrimonio Terraza privada, vista al jard\u00edn y piscina, Ventilador, televisi\u00f3n, wifi Habitaci\u00f3n 4 personas Cama tama\u00f1o queen + 2 camas individuales Terraza privada, vista [&hellip;]\" \/>\n<meta property=\"og:url\" content=\"https:\/\/hotel-casanina.com\/es\/habitaciones-standard\/\" \/>\n<meta property=\"og:site_name\" content=\"Hotel Casa Nina\" \/>\n<meta property=\"article:modified_time\" content=\"2024-11-14T21:20:40+00:00\" \/>\n<meta property=\"og:image\" content=\"https:\/\/hotel-casanina.com\/es\/wp-content\/uploads\/2024\/01\/92087_france_icon.png\" \/>\n\t<meta property=\"og:image:width\" content=\"64\" \/>\n\t<meta property=\"og:image:height\" content=\"64\" \/>\n\t<meta property=\"og:image:type\" content=\"image\/png\" \/>\n<meta name=\"twitter:card\" content=\"summary_large_image\" \/>\n<script type=\"application\/ld+json\" class=\"yoast-schema-graph\">{\"@context\":\"https:\/\/schema.org\",\"@graph\":[{\"@type\":\"WebPage\",\"@id\":\"https:\/\/hotel-casanina.com\/es\/habitaciones-standard\/\",\"url\":\"https:\/\/hotel-casanina.com\/es\/habitaciones-standard\/\",\"name\":\"Habitaciones standard - Hotel Casa Nina\",\"isPartOf\":{\"@id\":\"https:\/\/hotel-casanina.com\/es\/#website\"},\"primaryImageOfPage\":{\"@id\":\"https:\/\/hotel-casanina.com\/es\/habitaciones-standard\/#primaryimage\"},\"image\":{\"@id\":\"https:\/\/hotel-casanina.com\/es\/habitaciones-standard\/#primaryimage\"},\"thumbnailUrl\":\"https:\/\/hotel-casanina.com\/es\/wp-content\/uploads\/2024\/01\/92087_france_icon.png\",\"datePublished\":\"2023-12-18T19:28:34+00:00\",\"dateModified\":\"2024-11-14T21:20:40+00:00\",\"breadcrumb\":{\"@id\":\"https:\/\/hotel-casanina.com\/es\/habitaciones-standard\/#breadcrumb\"},\"inLanguage\":\"fr-FR\",\"potentialAction\":[{\"@type\":\"ReadAction\",\"target\":[\"https:\/\/hotel-casanina.com\/es\/habitaciones-standard\/\"]}]},{\"@type\":\"ImageObject\",\"inLanguage\":\"fr-FR\",\"@id\":\"https:\/\/hotel-casanina.com\/es\/habitaciones-standard\/#primaryimage\",\"url\":\"https:\/\/hotel-casanina.com\/es\/wp-content\/uploads\/2024\/01\/92087_france_icon.png\",\"contentUrl\":\"https:\/\/hotel-casanina.com\/es\/wp-content\/uploads\/2024\/01\/92087_france_icon.png\",\"width\":64,\"height\":64,\"caption\":\"french language\"},{\"@type\":\"BreadcrumbList\",\"@id\":\"https:\/\/hotel-casanina.com\/es\/habitaciones-standard\/#breadcrumb\",\"itemListElement\":[{\"@type\":\"ListItem\",\"position\":1,\"name\":\"Accueil\",\"item\":\"https:\/\/hotel-casanina.com\/es\/\"},{\"@type\":\"ListItem\",\"position\":2,\"name\":\"Habitaciones standard\"}]},{\"@type\":\"WebSite\",\"@id\":\"https:\/\/hotel-casanina.com\/es\/#website\",\"url\":\"https:\/\/hotel-casanina.com\/es\/\",\"name\":\"Hotel Casa Nina\",\"description\":\"\",\"publisher\":{\"@id\":\"https:\/\/hotel-casanina.com\/es\/#organization\"},\"potentialAction\":[{\"@type\":\"SearchAction\",\"target\":{\"@type\":\"EntryPoint\",\"urlTemplate\":\"https:\/\/hotel-casanina.com\/es\/?s={search_term_string}\"},\"query-input\":{\"@type\":\"PropertyValueSpecification\",\"valueRequired\":true,\"valueName\":\"search_term_string\"}}],\"inLanguage\":\"fr-FR\"},{\"@type\":\"Organization\",\"@id\":\"https:\/\/hotel-casanina.com\/es\/#organization\",\"name\":\"Hotel Casa Nina\",\"url\":\"https:\/\/hotel-casanina.com\/es\/\",\"logo\":{\"@type\":\"ImageObject\",\"inLanguage\":\"fr-FR\",\"@id\":\"https:\/\/hotel-casanina.com\/es\/#\/schema\/logo\/image\/\",\"url\":\"https:\/\/hotel-casanina.com\/es\/wp-content\/uploads\/2023\/12\/Sans-titre.png\",\"contentUrl\":\"https:\/\/hotel-casanina.com\/es\/wp-content\/uploads\/2023\/12\/Sans-titre.png\",\"width\":511,\"height\":113,\"caption\":\"Hotel Casa Nina\"},\"image\":{\"@id\":\"https:\/\/hotel-casanina.com\/es\/#\/schema\/logo\/image\/\"}}]}<\/script>\n<!-- \/ Yoast SEO plugin. -->","yoast_head_json":{"title":"Habitaciones standard - Hotel Casa Nina","robots":{"index":"index","follow":"follow","max-snippet":"max-snippet:-1","max-image-preview":"max-image-preview:large","max-video-preview":"max-video-preview:-1"},"canonical":"https:\/\/hotel-casanina.com\/es\/habitaciones-standard\/","og_locale":"fr_FR","og_type":"article","og_title":"Habitaciones standard - Hotel Casa Nina","og_description":"AVENIDA ESPANA &#8211; PUNTA POPI \u2013 LAS TERRENAS WhatsApp +1 829 770 7647 hotelcasanina@gmail.com HABITACIONES ACTIVIDADES INFORMACIONES 2 SUITES 6 HABITACIONES A\/C 5 HABITACIONES STANDARD Habitaci\u00f3n para 2 personas Cama de matrimonio Terraza privada, vista al jard\u00edn y piscina, Ventilador, televisi\u00f3n, wifi Habitaci\u00f3n 4 personas Cama tama\u00f1o queen + 2 camas individuales Terraza privada, vista [&hellip;]","og_url":"https:\/\/hotel-casanina.com\/es\/habitaciones-standard\/","og_site_name":"Hotel Casa Nina","article_modified_time":"2024-11-14T21:20:40+00:00","og_image":[{"width":64,"height":64,"url":"https:\/\/hotel-casanina.com\/es\/wp-content\/uploads\/2024\/01\/92087_france_icon.png","type":"image\/png"}],"twitter_card":"summary_large_image","schema":{"@context":"https:\/\/schema.org","@graph":[{"@type":"WebPage","@id":"https:\/\/hotel-casanina.com\/es\/habitaciones-standard\/","url":"https:\/\/hotel-casanina.com\/es\/habitaciones-standard\/","name":"Habitaciones standard - Hotel Casa Nina","isPartOf":{"@id":"https:\/\/hotel-casanina.com\/es\/#website"},"primaryImageOfPage":{"@id":"https:\/\/hotel-casanina.com\/es\/habitaciones-standard\/#primaryimage"},"image":{"@id":"https:\/\/hotel-casanina.com\/es\/habitaciones-standard\/#primaryimage"},"thumbnailUrl":"https:\/\/hotel-casanina.com\/es\/wp-content\/uploads\/2024\/01\/92087_france_icon.png","datePublished":"2023-12-18T19:28:34+00:00","dateModified":"2024-11-14T21:20:40+00:00","breadcrumb":{"@id":"https:\/\/hotel-casanina.com\/es\/habitaciones-standard\/#breadcrumb"},"inLanguage":"fr-FR","potentialAction":[{"@type":"ReadAction","target":["https:\/\/hotel-casanina.com\/es\/habitaciones-standard\/"]}]},{"@type":"ImageObject","inLanguage":"fr-FR","@id":"https:\/\/hotel-casanina.com\/es\/habitaciones-standard\/#primaryimage","url":"https:\/\/hotel-casanina.com\/es\/wp-content\/uploads\/2024\/01\/92087_france_icon.png","contentUrl":"https:\/\/hotel-casanina.com\/es\/wp-content\/uploads\/2024\/01\/92087_france_icon.png","width":64,"height":64,"caption":"french language"},{"@type":"BreadcrumbList","@id":"https:\/\/hotel-casanina.com\/es\/habitaciones-standard\/#breadcrumb","itemListElement":[{"@type":"ListItem","position":1,"name":"Accueil","item":"https:\/\/hotel-casanina.com\/es\/"},{"@type":"ListItem","position":2,"name":"Habitaciones standard"}]},{"@type":"WebSite","@id":"https:\/\/hotel-casanina.com\/es\/#website","url":"https:\/\/hotel-casanina.com\/es\/","name":"Hotel Casa Nina","description":"","publisher":{"@id":"https:\/\/hotel-casanina.com\/es\/#organization"},"potentialAction":[{"@type":"SearchAction","target":{"@type":"EntryPoint","urlTemplate":"https:\/\/hotel-casanina.com\/es\/?s={search_term_string}"},"query-input":{"@type":"PropertyValueSpecification","valueRequired":true,"valueName":"search_term_string"}}],"inLanguage":"fr-FR"},{"@type":"Organization","@id":"https:\/\/hotel-casanina.com\/es\/#organization","name":"Hotel Casa Nina","url":"https:\/\/hotel-casanina.com\/es\/","logo":{"@type":"ImageObject","inLanguage":"fr-FR","@id":"https:\/\/hotel-casanina.com\/es\/#\/schema\/logo\/image\/","url":"https:\/\/hotel-casanina.com\/es\/wp-content\/uploads\/2023\/12\/Sans-titre.png","contentUrl":"https:\/\/hotel-casanina.com\/es\/wp-content\/uploads\/2023\/12\/Sans-titre.png","width":511,"height":113,"caption":"Hotel Casa Nina"},"image":{"@id":"https:\/\/hotel-casanina.com\/es\/#\/schema\/logo\/image\/"}}]}},"_links":{"self":[{"href":"https:\/\/hotel-casanina.com\/es\/wp-json\/wp\/v2\/pages\/227","targetHints":{"allow":["GET"]}}],"collection":[{"href":"https:\/\/hotel-casanina.com\/es\/wp-json\/wp\/v2\/pages"}],"about":[{"href":"https:\/\/hotel-casanina.com\/es\/wp-json\/wp\/v2\/types\/page"}],"author":[{"embeddable":true,"href":"https:\/\/hotel-casanina.com\/es\/wp-json\/wp\/v2\/users\/2"}],"replies":[{"embeddable":true,"href":"https:\/\/hotel-casanina.com\/es\/wp-json\/wp\/v2\/comments?post=227"}],"version-history":[{"count":66,"href":"https:\/\/hotel-casanina.com\/es\/wp-json\/wp\/v2\/pages\/227\/revisions"}],"predecessor-version":[{"id":728,"href":"https:\/\/hotel-casanina.com\/es\/wp-json\/wp\/v2\/pages\/227\/revisions\/728"}],"wp:attachment":[{"href":"https:\/\/hotel-casanina.com\/es\/wp-json\/wp\/v2\/media?parent=227"}],"curies":[{"name":"wp","href":"https:\/\/api.w.org\/{rel}","templated":true}]}}