{"id":222,"date":"2023-12-18T19:22:19","date_gmt":"2023-12-18T19:22:19","guid":{"rendered":"https:\/\/hotel-casanina.com\/es\/?page_id=222"},"modified":"2024-11-14T21:20:22","modified_gmt":"2024-11-14T21:20:22","slug":"habitaciones-aire-acondicionado","status":"publish","type":"page","link":"https:\/\/hotel-casanina.com\/es\/habitaciones-aire-acondicionado\/","title":{"rendered":"Habitaciones Aire Acondicionado"},"content":{"rendered":"\t\t<div data-elementor-type=\"wp-page\" data-elementor-id=\"222\" class=\"elementor elementor-222\">\n\t\t\t\t<div class=\"elementor-element elementor-element-3ed1653 e-con-full e-flex e-con e-parent\" data-id=\"3ed1653\" data-element_type=\"container\" data-settings=\"{&quot;background_background&quot;:&quot;classic&quot;}\">\n\t\t<div class=\"elementor-element elementor-element-775f419 e-con-full e-flex e-con e-child\" data-id=\"775f419\" data-element_type=\"container\">\n\t\t\t\t<div class=\"elementor-element elementor-element-9d5d53a elementor-widget elementor-widget-image\" data-id=\"9d5d53a\" data-element_type=\"widget\" data-widget_type=\"image.default\">\n\t\t\t\t<div class=\"elementor-widget-container\">\n\t\t\t\t\t\t\t\t\t\t\t\t\t\t<a href=\"https:\/\/hotel-casanina.com\/\">\n\t\t\t\t\t\t\t<img decoding=\"async\" width=\"64\" height=\"64\" src=\"https:\/\/hotel-casanina.com\/es\/wp-content\/uploads\/2024\/01\/92087_france_icon.png\" class=\"attachment-large size-large wp-image-659\" alt=\"french language\" \/>\t\t\t\t\t\t\t\t<\/a>\n\t\t\t\t\t\t\t\t\t\t\t\t\t<\/div>\n\t\t\t\t<\/div>\n\t\t\t\t<div class=\"elementor-element elementor-element-fc7c0a2 elementor-widget elementor-widget-image\" data-id=\"fc7c0a2\" data-element_type=\"widget\" data-widget_type=\"image.default\">\n\t\t\t\t<div class=\"elementor-widget-container\">\n\t\t\t\t\t\t\t\t\t\t\t\t\t\t<a href=\"https:\/\/hotel-casanina.com\/en\/\">\n\t\t\t\t\t\t\t<img decoding=\"async\" width=\"64\" height=\"64\" src=\"https:\/\/hotel-casanina.com\/es\/wp-content\/uploads\/2024\/11\/92407_states_united_icon.png\" class=\"attachment-large size-large wp-image-713\" alt=\"english language\" \/>\t\t\t\t\t\t\t\t<\/a>\n\t\t\t\t\t\t\t\t\t\t\t\t\t<\/div>\n\t\t\t\t<\/div>\n\t\t\t\t<\/div>\n\t\t<div class=\"elementor-element elementor-element-7ca4dc3 e-con-full e-flex e-con e-child\" data-id=\"7ca4dc3\" data-element_type=\"container\">\n\t\t\t\t<div class=\"elementor-element elementor-element-f24f4ce elementor-widget elementor-widget-image\" data-id=\"f24f4ce\" data-element_type=\"widget\" data-widget_type=\"image.default\">\n\t\t\t\t<div class=\"elementor-widget-container\">\n\t\t\t\t\t\t\t\t\t\t\t\t\t\t<a href=\"https:\/\/hotel-casanina.com\/es\/\">\n\t\t\t\t\t\t\t<img decoding=\"async\" width=\"157\" height=\"35\" src=\"https:\/\/hotel-casanina.com\/es\/wp-content\/uploads\/2024\/01\/logo_hotel_casa-nina_blanc-1.svg\" class=\"attachment-large size-large wp-image-453\" alt=\"\" \/>\t\t\t\t\t\t\t\t<\/a>\n\t\t\t\t\t\t\t\t\t\t\t\t\t<\/div>\n\t\t\t\t<\/div>\n\t\t\t\t<div class=\"elementor-element elementor-element-a8aff44 elementor-widget elementor-widget-heading\" data-id=\"a8aff44\" data-element_type=\"widget\" data-widget_type=\"heading.default\">\n\t\t\t\t<div class=\"elementor-widget-container\">\n\t\t\t<p class=\"elementor-heading-title elementor-size-default\">AVENIDA ESPANA - PUNTA POPI \u2013 LAS TERRENAS\n<\/p>\t\t<\/div>\n\t\t\t\t<\/div>\n\t\t\t\t<\/div>\n\t\t<div class=\"elementor-element elementor-element-3222eed e-con-full e-flex e-con e-child\" data-id=\"3222eed\" data-element_type=\"container\">\n\t\t\t\t<div class=\"elementor-element elementor-element-0535a73 elementor-widget elementor-widget-heading\" data-id=\"0535a73\" data-element_type=\"widget\" data-widget_type=\"heading.default\">\n\t\t\t\t<div class=\"elementor-widget-container\">\n\t\t\t<div class=\"elementor-heading-title elementor-size-default\"><a href=\"tel:+18297707647\">WhatsApp +1 829 770 7647<\/a><\/div>\t\t<\/div>\n\t\t\t\t<\/div>\n\t\t\t\t<div class=\"elementor-element elementor-element-11cf744 elementor-widget elementor-widget-heading\" data-id=\"11cf744\" data-element_type=\"widget\" data-widget_type=\"heading.default\">\n\t\t\t\t<div class=\"elementor-widget-container\">\n\t\t\t<div class=\"elementor-heading-title elementor-size-default\"><a href=\"mailto:hotelcasanina@gmail.com\u200b\">hotelcasanina@gmail.com<\/a><\/div>\t\t<\/div>\n\t\t\t\t<\/div>\n\t\t\t\t<\/div>\n\t\t<div class=\"elementor-element elementor-element-ceefa3b e-con-full e-flex e-con e-child\" data-id=\"ceefa3b\" data-element_type=\"container\" data-settings=\"{&quot;background_background&quot;:&quot;classic&quot;}\">\n\t\t<div class=\"elementor-element elementor-element-cdd9862 e-flex e-con-boxed e-con e-child\" data-id=\"cdd9862\" data-element_type=\"container\">\n\t\t\t\t\t<div class=\"e-con-inner\">\n\t\t\t\t<div class=\"elementor-element elementor-element-2a145e5 elementor-align-center elementor-widget elementor-widget-button\" data-id=\"2a145e5\" data-element_type=\"widget\" data-widget_type=\"button.default\">\n\t\t\t\t<div class=\"elementor-widget-container\">\n\t\t\t\t\t\t\t<div class=\"elementor-button-wrapper\">\n\t\t\t\t\t<a class=\"elementor-button elementor-button-link elementor-size-sm\" href=\"https:\/\/hotel-casanina.com\/es\/suites\/\">\n\t\t\t\t\t\t<span class=\"elementor-button-content-wrapper\">\n\t\t\t\t\t\t\t\t\t<span class=\"elementor-button-text\">HABITACIONES<\/span>\n\t\t\t\t\t<\/span>\n\t\t\t\t\t<\/a>\n\t\t\t\t<\/div>\n\t\t\t\t\t\t<\/div>\n\t\t\t\t<\/div>\n\t\t\t\t\t<\/div>\n\t\t\t\t<\/div>\n\t\t<div class=\"elementor-element elementor-element-b9eb02b e-flex e-con-boxed e-con e-child\" data-id=\"b9eb02b\" data-element_type=\"container\">\n\t\t\t\t\t<div class=\"e-con-inner\">\n\t\t\t\t<div class=\"elementor-element elementor-element-7ed1a9d elementor-align-center elementor-widget elementor-widget-button\" data-id=\"7ed1a9d\" data-element_type=\"widget\" data-widget_type=\"button.default\">\n\t\t\t\t<div class=\"elementor-widget-container\">\n\t\t\t\t\t\t\t<div class=\"elementor-button-wrapper\">\n\t\t\t\t\t<a class=\"elementor-button elementor-button-link elementor-size-sm\" href=\"https:\/\/hotel-casanina.com\/es\/actividades\/\">\n\t\t\t\t\t\t<span class=\"elementor-button-content-wrapper\">\n\t\t\t\t\t\t\t\t\t<span class=\"elementor-button-text\">ACTIVIDADES<\/span>\n\t\t\t\t\t<\/span>\n\t\t\t\t\t<\/a>\n\t\t\t\t<\/div>\n\t\t\t\t\t\t<\/div>\n\t\t\t\t<\/div>\n\t\t\t\t\t<\/div>\n\t\t\t\t<\/div>\n\t\t<div class=\"elementor-element elementor-element-9476f35 e-flex e-con-boxed e-con e-child\" data-id=\"9476f35\" data-element_type=\"container\">\n\t\t\t\t\t<div class=\"e-con-inner\">\n\t\t\t\t<div class=\"elementor-element elementor-element-529eb73 elementor-align-center elementor-widget elementor-widget-button\" data-id=\"529eb73\" data-element_type=\"widget\" data-widget_type=\"button.default\">\n\t\t\t\t<div class=\"elementor-widget-container\">\n\t\t\t\t\t\t\t<div class=\"elementor-button-wrapper\">\n\t\t\t\t\t<a class=\"elementor-button elementor-button-link elementor-size-sm\" href=\"https:\/\/hotel-casanina.com\/es\/informaciones\/\">\n\t\t\t\t\t\t<span class=\"elementor-button-content-wrapper\">\n\t\t\t\t\t\t\t\t\t<span class=\"elementor-button-text\">INFORMACIONES<\/span>\n\t\t\t\t\t<\/span>\n\t\t\t\t\t<\/a>\n\t\t\t\t<\/div>\n\t\t\t\t\t\t<\/div>\n\t\t\t\t<\/div>\n\t\t\t\t\t<\/div>\n\t\t\t\t<\/div>\n\t\t\t\t<\/div>\n\t\t\t\t<\/div>\n\t\t<div class=\"elementor-element elementor-element-634b1a13 e-con-full e-flex e-con e-parent\" data-id=\"634b1a13\" data-element_type=\"container\" data-settings=\"{&quot;background_background&quot;:&quot;classic&quot;}\">\n\t\t<div class=\"elementor-element elementor-element-744ad451 e-con-full e-flex e-con e-child\" data-id=\"744ad451\" data-element_type=\"container\" data-settings=\"{&quot;background_background&quot;:&quot;slideshow&quot;,&quot;background_slideshow_gallery&quot;:[{&quot;id&quot;:94,&quot;url&quot;:&quot;https:\\\/\\\/hotel-casanina.com\\\/es\\\/wp-content\\\/uploads\\\/2023\\\/12\\\/H2-scaled.jpg&quot;},{&quot;id&quot;:103,&quot;url&quot;:&quot;https:\\\/\\\/hotel-casanina.com\\\/es\\\/wp-content\\\/uploads\\\/2023\\\/12\\\/H7-scaled.jpg&quot;},{&quot;id&quot;:107,&quot;url&quot;:&quot;https:\\\/\\\/hotel-casanina.com\\\/es\\\/wp-content\\\/uploads\\\/2023\\\/12\\\/H10-scaled.jpg&quot;},{&quot;id&quot;:104,&quot;url&quot;:&quot;https:\\\/\\\/hotel-casanina.com\\\/es\\\/wp-content\\\/uploads\\\/2023\\\/12\\\/H9-2-scaled.jpg&quot;},{&quot;id&quot;:120,&quot;url&quot;:&quot;https:\\\/\\\/hotel-casanina.com\\\/es\\\/wp-content\\\/uploads\\\/2023\\\/12\\\/H9-1-scaled.jpg&quot;},{&quot;id&quot;:123,&quot;url&quot;:&quot;https:\\\/\\\/hotel-casanina.com\\\/es\\\/wp-content\\\/uploads\\\/2023\\\/12\\\/H15-BAS-scaled.jpg&quot;},{&quot;id&quot;:93,&quot;url&quot;:&quot;https:\\\/\\\/hotel-casanina.com\\\/es\\\/wp-content\\\/uploads\\\/2023\\\/12\\\/H15-HAUT-scaled.jpg&quot;},{&quot;id&quot;:20,&quot;url&quot;:&quot;https:\\\/\\\/hotel-casanina.com\\\/es\\\/wp-content\\\/uploads\\\/2023\\\/12\\\/MG_1923-scaled.jpg&quot;}],&quot;background_slideshow_loop&quot;:&quot;yes&quot;,&quot;background_slideshow_slide_duration&quot;:5000,&quot;background_slideshow_slide_transition&quot;:&quot;fade&quot;,&quot;background_slideshow_transition_duration&quot;:500}\">\n\t\t\t\t<\/div>\n\t\t<div class=\"elementor-element elementor-element-53e5da7e e-con-full e-flex e-con e-child\" data-id=\"53e5da7e\" data-element_type=\"container\" data-settings=\"{&quot;background_background&quot;:&quot;classic&quot;}\">\n\t\t<div class=\"elementor-element elementor-element-b4981 e-flex e-con-boxed e-con e-child\" data-id=\"b4981\" data-element_type=\"container\" data-settings=\"{&quot;background_background&quot;:&quot;classic&quot;}\">\n\t\t\t\t\t<div class=\"e-con-inner\">\n\t\t\t\t<div class=\"elementor-element elementor-element-226ede22 elementor-widget elementor-widget-spacer\" data-id=\"226ede22\" data-element_type=\"widget\" data-widget_type=\"spacer.default\">\n\t\t\t\t<div class=\"elementor-widget-container\">\n\t\t\t\t\t<div class=\"elementor-spacer\">\n\t\t\t<div class=\"elementor-spacer-inner\"><\/div>\n\t\t<\/div>\n\t\t\t\t<\/div>\n\t\t\t\t<\/div>\n\t\t<div class=\"elementor-element elementor-element-6e9be464 e-flex e-con-boxed e-con e-child\" data-id=\"6e9be464\" data-element_type=\"container\" data-settings=\"{&quot;background_background&quot;:&quot;classic&quot;}\">\n\t\t\t\t\t<div class=\"e-con-inner\">\n\t\t\t\t<div class=\"elementor-element elementor-element-18930930 elementor-tablet-align-center elementor-mobile-align-center elementor-widget elementor-widget-button\" data-id=\"18930930\" data-element_type=\"widget\" data-widget_type=\"button.default\">\n\t\t\t\t<div class=\"elementor-widget-container\">\n\t\t\t\t\t\t\t<div class=\"elementor-button-wrapper\">\n\t\t\t\t\t<a class=\"elementor-button elementor-button-link elementor-size-sm\" href=\"https:\/\/hotel-casanina.com\/es\/suites\/\">\n\t\t\t\t\t\t<span class=\"elementor-button-content-wrapper\">\n\t\t\t\t\t\t\t\t\t<span class=\"elementor-button-text\">2 SUITES<\/span>\n\t\t\t\t\t<\/span>\n\t\t\t\t\t<\/a>\n\t\t\t\t<\/div>\n\t\t\t\t\t\t<\/div>\n\t\t\t\t<\/div>\n\t\t\t\t\t<\/div>\n\t\t\t\t<\/div>\n\t\t\t\t\t<\/div>\n\t\t\t\t<\/div>\n\t\t<div class=\"elementor-element elementor-element-4d91fe66 e-flex e-con-boxed e-con e-child\" data-id=\"4d91fe66\" data-element_type=\"container\" data-settings=\"{&quot;background_background&quot;:&quot;classic&quot;}\">\n\t\t\t\t\t<div class=\"e-con-inner\">\n\t\t\t\t<div class=\"elementor-element elementor-element-324d03bb elementor-mobile-align-center elementor-widget elementor-widget-button\" data-id=\"324d03bb\" data-element_type=\"widget\" data-widget_type=\"button.default\">\n\t\t\t\t<div class=\"elementor-widget-container\">\n\t\t\t\t\t\t\t<div class=\"elementor-button-wrapper\">\n\t\t\t\t\t<a class=\"elementor-button elementor-button-link elementor-size-sm\" href=\"https:\/\/hotel-casanina.com\/es\/habitaciones-aire-acondicionado\/\">\n\t\t\t\t\t\t<span class=\"elementor-button-content-wrapper\">\n\t\t\t\t\t\t\t\t\t<span class=\"elementor-button-text\">6 HABITACIONES A\/C<\/span>\n\t\t\t\t\t<\/span>\n\t\t\t\t\t<\/a>\n\t\t\t\t<\/div>\n\t\t\t\t\t\t<\/div>\n\t\t\t\t<\/div>\n\t\t\t\t\t<\/div>\n\t\t\t\t<\/div>\n\t\t<div class=\"elementor-element elementor-element-2d4cf396 e-flex e-con-boxed e-con e-child\" data-id=\"2d4cf396\" data-element_type=\"container\" data-settings=\"{&quot;background_background&quot;:&quot;classic&quot;}\">\n\t\t\t\t\t<div class=\"e-con-inner\">\n\t\t\t\t<div class=\"elementor-element elementor-element-19029b4a elementor-mobile-align-center elementor-widget elementor-widget-button\" data-id=\"19029b4a\" data-element_type=\"widget\" data-widget_type=\"button.default\">\n\t\t\t\t<div class=\"elementor-widget-container\">\n\t\t\t\t\t\t\t<div class=\"elementor-button-wrapper\">\n\t\t\t\t\t<a class=\"elementor-button elementor-button-link elementor-size-sm\" href=\"https:\/\/hotel-casanina.com\/es\/habitaciones-standard\/\">\n\t\t\t\t\t\t<span class=\"elementor-button-content-wrapper\">\n\t\t\t\t\t\t\t\t\t<span class=\"elementor-button-text\">5 HABITACIONES STANDARD<\/span>\n\t\t\t\t\t<\/span>\n\t\t\t\t\t<\/a>\n\t\t\t\t<\/div>\n\t\t\t\t\t\t<\/div>\n\t\t\t\t<\/div>\n\t\t\t\t\t<\/div>\n\t\t\t\t<\/div>\n\t\t<div class=\"elementor-element elementor-element-11390187 e-flex e-con-boxed e-con e-child\" data-id=\"11390187\" data-element_type=\"container\" data-settings=\"{&quot;background_background&quot;:&quot;classic&quot;}\">\n\t\t\t\t\t<div class=\"e-con-inner\">\n\t\t\t\t<div class=\"elementor-element elementor-element-5d372116 elementor-widget elementor-widget-spacer\" data-id=\"5d372116\" data-element_type=\"widget\" data-widget_type=\"spacer.default\">\n\t\t\t\t<div class=\"elementor-widget-container\">\n\t\t\t\t\t<div class=\"elementor-spacer\">\n\t\t\t<div class=\"elementor-spacer-inner\"><\/div>\n\t\t<\/div>\n\t\t\t\t<\/div>\n\t\t\t\t<\/div>\n\t\t\t\t<div class=\"elementor-element elementor-element-28a0b822 elementor-widget__width-initial elementor-invisible elementor-widget elementor-widget-text-editor\" data-id=\"28a0b822\" data-element_type=\"widget\" data-settings=\"{&quot;_animation&quot;:&quot;fadeInRight&quot;}\" data-widget_type=\"text-editor.default\">\n\t\t\t\t<div class=\"elementor-widget-container\">\n\t\t\t\t\t\t\t<p class=\"p1\"><strong>Habitaci\u00f3n para 2 personas<\/strong><\/p><ul><li class=\"p1\">Cama de matrimonio<\/li><li class=\"p1\">Terraza privada, vista al jard\u00edn y piscina,<\/li><li class=\"p1\">Aire acondicionado, televisi\u00f3n, wifi<\/li><\/ul>\t\t\t\t\t\t<\/div>\n\t\t\t\t<\/div>\n\t\t\t\t<div class=\"elementor-element elementor-element-3547ea8a elementor-widget__width-initial elementor-invisible elementor-widget elementor-widget-text-editor\" data-id=\"3547ea8a\" data-element_type=\"widget\" data-settings=\"{&quot;_animation&quot;:&quot;fadeInRight&quot;}\" data-widget_type=\"text-editor.default\">\n\t\t\t\t<div class=\"elementor-widget-container\">\n\t\t\t\t\t\t\t<p><strong>Habitaci\u00f3n 3 personas<\/strong><\/p><ul><li>Cama tama\u00f1o queen + 1 cama individual<\/li><li>Terraza privada, vista al jard\u00edn y piscina,<\/li><li>Aire acondicionado, televisi\u00f3n, wifi<\/li><\/ul>\t\t\t\t\t\t<\/div>\n\t\t\t\t<\/div>\n\t\t\t\t<div class=\"elementor-element elementor-element-34965d82 elementor-widget__width-initial elementor-invisible elementor-widget elementor-widget-text-editor\" data-id=\"34965d82\" data-element_type=\"widget\" data-settings=\"{&quot;_animation&quot;:&quot;fadeInRight&quot;}\" data-widget_type=\"text-editor.default\">\n\t\t\t\t<div class=\"elementor-widget-container\">\n\t\t\t\t\t\t\t<p><strong>Habitaci\u00f3n 4 personas<\/strong><\/p><ul><li>Cama tama\u00f1o queen + 2 camas individuales<\/li><li>Terraza privada, vista al jard\u00edn y piscina,<\/li><li>Aire acondicionado, televisi\u00f3n, wifi<\/li><\/ul>\t\t\t\t\t\t<\/div>\n\t\t\t\t<\/div>\n\t\t\t\t<div class=\"elementor-element elementor-element-3e151123 elementor-widget__width-initial elementor-invisible elementor-widget elementor-widget-text-editor\" data-id=\"3e151123\" data-element_type=\"widget\" data-settings=\"{&quot;_animation&quot;:&quot;fadeInRight&quot;}\" data-widget_type=\"text-editor.default\">\n\t\t\t\t<div class=\"elementor-widget-container\">\n\t\t\t\t\t\t\t<p><strong>Habitaci\u00f3n 5 personas<\/strong><\/p><ul><li>Cama tama\u00f1o queen + 3 camas individuales en el entrepiso<\/li><li>Terraza privada, vista al jard\u00edn y piscina,<\/li><li>Aire acondicionado, televisi\u00f3n, wifi<\/li><\/ul>\t\t\t\t\t\t<\/div>\n\t\t\t\t<\/div>\n\t\t\t\t\t<\/div>\n\t\t\t\t<\/div>\n\t\t\t\t<\/div>\n\t\t\t\t<\/div>\n\t\t\t\t<\/div>\n\t\t","protected":false},"excerpt":{"rendered":"<p>AVENIDA ESPANA &#8211; PUNTA POPI \u2013 LAS TERRENAS WhatsApp +1 829 770 7647 hotelcasanina@gmail.com HABITACIONES ACTIVIDADES INFORMACIONES 2 SUITES 6 HABITACIONES A\/C 5 HABITACIONES STANDARD Habitaci\u00f3n para 2 personas Cama de matrimonio Terraza privada, vista al jard\u00edn y piscina, Aire acondicionado, televisi\u00f3n, wifi Habitaci\u00f3n 3 personas Cama tama\u00f1o queen + 1 cama individual Terraza privada, [&hellip;]<\/p>\n","protected":false},"author":2,"featured_media":0,"parent":0,"menu_order":0,"comment_status":"closed","ping_status":"closed","template":"","meta":{"footnotes":""},"class_list":["post-222","page","type-page","status-publish","hentry"],"yoast_head":"<!-- This site is optimized with the Yoast SEO plugin v23.8 - https:\/\/yoast.com\/wordpress\/plugins\/seo\/ -->\n<title>Habitaciones Aire Acondicionado - Hotel Casa Nina<\/title>\n<meta name=\"robots\" content=\"index, follow, max-snippet:-1, max-image-preview:large, max-video-preview:-1\" \/>\n<link rel=\"canonical\" href=\"https:\/\/hotel-casanina.com\/es\/habitaciones-aire-acondicionado\/\" \/>\n<meta property=\"og:locale\" content=\"fr_FR\" \/>\n<meta property=\"og:type\" content=\"article\" \/>\n<meta property=\"og:title\" content=\"Habitaciones Aire Acondicionado - Hotel Casa Nina\" \/>\n<meta property=\"og:description\" content=\"AVENIDA ESPANA &#8211; PUNTA POPI \u2013 LAS TERRENAS WhatsApp +1 829 770 7647 hotelcasanina@gmail.com HABITACIONES ACTIVIDADES INFORMACIONES 2 SUITES 6 HABITACIONES A\/C 5 HABITACIONES STANDARD Habitaci\u00f3n para 2 personas Cama de matrimonio Terraza privada, vista al jard\u00edn y piscina, Aire acondicionado, televisi\u00f3n, wifi Habitaci\u00f3n 3 personas Cama tama\u00f1o queen + 1 cama individual Terraza privada, [&hellip;]\" \/>\n<meta property=\"og:url\" content=\"https:\/\/hotel-casanina.com\/es\/habitaciones-aire-acondicionado\/\" \/>\n<meta property=\"og:site_name\" content=\"Hotel Casa Nina\" \/>\n<meta property=\"article:modified_time\" content=\"2024-11-14T21:20:22+00:00\" \/>\n<meta property=\"og:image\" content=\"https:\/\/hotel-casanina.com\/es\/wp-content\/uploads\/2024\/01\/92087_france_icon.png\" \/>\n\t<meta property=\"og:image:width\" content=\"64\" \/>\n\t<meta property=\"og:image:height\" content=\"64\" \/>\n\t<meta property=\"og:image:type\" content=\"image\/png\" \/>\n<meta name=\"twitter:card\" content=\"summary_large_image\" \/>\n<script type=\"application\/ld+json\" class=\"yoast-schema-graph\">{\"@context\":\"https:\/\/schema.org\",\"@graph\":[{\"@type\":\"WebPage\",\"@id\":\"https:\/\/hotel-casanina.com\/es\/habitaciones-aire-acondicionado\/\",\"url\":\"https:\/\/hotel-casanina.com\/es\/habitaciones-aire-acondicionado\/\",\"name\":\"Habitaciones Aire Acondicionado - Hotel Casa Nina\",\"isPartOf\":{\"@id\":\"https:\/\/hotel-casanina.com\/es\/#website\"},\"primaryImageOfPage\":{\"@id\":\"https:\/\/hotel-casanina.com\/es\/habitaciones-aire-acondicionado\/#primaryimage\"},\"image\":{\"@id\":\"https:\/\/hotel-casanina.com\/es\/habitaciones-aire-acondicionado\/#primaryimage\"},\"thumbnailUrl\":\"https:\/\/hotel-casanina.com\/es\/wp-content\/uploads\/2024\/01\/92087_france_icon.png\",\"datePublished\":\"2023-12-18T19:22:19+00:00\",\"dateModified\":\"2024-11-14T21:20:22+00:00\",\"breadcrumb\":{\"@id\":\"https:\/\/hotel-casanina.com\/es\/habitaciones-aire-acondicionado\/#breadcrumb\"},\"inLanguage\":\"fr-FR\",\"potentialAction\":[{\"@type\":\"ReadAction\",\"target\":[\"https:\/\/hotel-casanina.com\/es\/habitaciones-aire-acondicionado\/\"]}]},{\"@type\":\"ImageObject\",\"inLanguage\":\"fr-FR\",\"@id\":\"https:\/\/hotel-casanina.com\/es\/habitaciones-aire-acondicionado\/#primaryimage\",\"url\":\"https:\/\/hotel-casanina.com\/es\/wp-content\/uploads\/2024\/01\/92087_france_icon.png\",\"contentUrl\":\"https:\/\/hotel-casanina.com\/es\/wp-content\/uploads\/2024\/01\/92087_france_icon.png\",\"width\":64,\"height\":64,\"caption\":\"french language\"},{\"@type\":\"BreadcrumbList\",\"@id\":\"https:\/\/hotel-casanina.com\/es\/habitaciones-aire-acondicionado\/#breadcrumb\",\"itemListElement\":[{\"@type\":\"ListItem\",\"position\":1,\"name\":\"Accueil\",\"item\":\"https:\/\/hotel-casanina.com\/es\/\"},{\"@type\":\"ListItem\",\"position\":2,\"name\":\"Habitaciones Aire Acondicionado\"}]},{\"@type\":\"WebSite\",\"@id\":\"https:\/\/hotel-casanina.com\/es\/#website\",\"url\":\"https:\/\/hotel-casanina.com\/es\/\",\"name\":\"Hotel Casa Nina\",\"description\":\"\",\"publisher\":{\"@id\":\"https:\/\/hotel-casanina.com\/es\/#organization\"},\"potentialAction\":[{\"@type\":\"SearchAction\",\"target\":{\"@type\":\"EntryPoint\",\"urlTemplate\":\"https:\/\/hotel-casanina.com\/es\/?s={search_term_string}\"},\"query-input\":{\"@type\":\"PropertyValueSpecification\",\"valueRequired\":true,\"valueName\":\"search_term_string\"}}],\"inLanguage\":\"fr-FR\"},{\"@type\":\"Organization\",\"@id\":\"https:\/\/hotel-casanina.com\/es\/#organization\",\"name\":\"Hotel Casa Nina\",\"url\":\"https:\/\/hotel-casanina.com\/es\/\",\"logo\":{\"@type\":\"ImageObject\",\"inLanguage\":\"fr-FR\",\"@id\":\"https:\/\/hotel-casanina.com\/es\/#\/schema\/logo\/image\/\",\"url\":\"https:\/\/hotel-casanina.com\/es\/wp-content\/uploads\/2023\/12\/Sans-titre.png\",\"contentUrl\":\"https:\/\/hotel-casanina.com\/es\/wp-content\/uploads\/2023\/12\/Sans-titre.png\",\"width\":511,\"height\":113,\"caption\":\"Hotel Casa Nina\"},\"image\":{\"@id\":\"https:\/\/hotel-casanina.com\/es\/#\/schema\/logo\/image\/\"}}]}<\/script>\n<!-- \/ Yoast SEO plugin. -->","yoast_head_json":{"title":"Habitaciones Aire Acondicionado - Hotel Casa Nina","robots":{"index":"index","follow":"follow","max-snippet":"max-snippet:-1","max-image-preview":"max-image-preview:large","max-video-preview":"max-video-preview:-1"},"canonical":"https:\/\/hotel-casanina.com\/es\/habitaciones-aire-acondicionado\/","og_locale":"fr_FR","og_type":"article","og_title":"Habitaciones Aire Acondicionado - Hotel Casa Nina","og_description":"AVENIDA ESPANA &#8211; PUNTA POPI \u2013 LAS TERRENAS WhatsApp +1 829 770 7647 hotelcasanina@gmail.com HABITACIONES ACTIVIDADES INFORMACIONES 2 SUITES 6 HABITACIONES A\/C 5 HABITACIONES STANDARD Habitaci\u00f3n para 2 personas Cama de matrimonio Terraza privada, vista al jard\u00edn y piscina, Aire acondicionado, televisi\u00f3n, wifi Habitaci\u00f3n 3 personas Cama tama\u00f1o queen + 1 cama individual Terraza privada, [&hellip;]","og_url":"https:\/\/hotel-casanina.com\/es\/habitaciones-aire-acondicionado\/","og_site_name":"Hotel Casa Nina","article_modified_time":"2024-11-14T21:20:22+00:00","og_image":[{"width":64,"height":64,"url":"https:\/\/hotel-casanina.com\/es\/wp-content\/uploads\/2024\/01\/92087_france_icon.png","type":"image\/png"}],"twitter_card":"summary_large_image","schema":{"@context":"https:\/\/schema.org","@graph":[{"@type":"WebPage","@id":"https:\/\/hotel-casanina.com\/es\/habitaciones-aire-acondicionado\/","url":"https:\/\/hotel-casanina.com\/es\/habitaciones-aire-acondicionado\/","name":"Habitaciones Aire Acondicionado - Hotel Casa Nina","isPartOf":{"@id":"https:\/\/hotel-casanina.com\/es\/#website"},"primaryImageOfPage":{"@id":"https:\/\/hotel-casanina.com\/es\/habitaciones-aire-acondicionado\/#primaryimage"},"image":{"@id":"https:\/\/hotel-casanina.com\/es\/habitaciones-aire-acondicionado\/#primaryimage"},"thumbnailUrl":"https:\/\/hotel-casanina.com\/es\/wp-content\/uploads\/2024\/01\/92087_france_icon.png","datePublished":"2023-12-18T19:22:19+00:00","dateModified":"2024-11-14T21:20:22+00:00","breadcrumb":{"@id":"https:\/\/hotel-casanina.com\/es\/habitaciones-aire-acondicionado\/#breadcrumb"},"inLanguage":"fr-FR","potentialAction":[{"@type":"ReadAction","target":["https:\/\/hotel-casanina.com\/es\/habitaciones-aire-acondicionado\/"]}]},{"@type":"ImageObject","inLanguage":"fr-FR","@id":"https:\/\/hotel-casanina.com\/es\/habitaciones-aire-acondicionado\/#primaryimage","url":"https:\/\/hotel-casanina.com\/es\/wp-content\/uploads\/2024\/01\/92087_france_icon.png","contentUrl":"https:\/\/hotel-casanina.com\/es\/wp-content\/uploads\/2024\/01\/92087_france_icon.png","width":64,"height":64,"caption":"french language"},{"@type":"BreadcrumbList","@id":"https:\/\/hotel-casanina.com\/es\/habitaciones-aire-acondicionado\/#breadcrumb","itemListElement":[{"@type":"ListItem","position":1,"name":"Accueil","item":"https:\/\/hotel-casanina.com\/es\/"},{"@type":"ListItem","position":2,"name":"Habitaciones Aire Acondicionado"}]},{"@type":"WebSite","@id":"https:\/\/hotel-casanina.com\/es\/#website","url":"https:\/\/hotel-casanina.com\/es\/","name":"Hotel Casa Nina","description":"","publisher":{"@id":"https:\/\/hotel-casanina.com\/es\/#organization"},"potentialAction":[{"@type":"SearchAction","target":{"@type":"EntryPoint","urlTemplate":"https:\/\/hotel-casanina.com\/es\/?s={search_term_string}"},"query-input":{"@type":"PropertyValueSpecification","valueRequired":true,"valueName":"search_term_string"}}],"inLanguage":"fr-FR"},{"@type":"Organization","@id":"https:\/\/hotel-casanina.com\/es\/#organization","name":"Hotel Casa Nina","url":"https:\/\/hotel-casanina.com\/es\/","logo":{"@type":"ImageObject","inLanguage":"fr-FR","@id":"https:\/\/hotel-casanina.com\/es\/#\/schema\/logo\/image\/","url":"https:\/\/hotel-casanina.com\/es\/wp-content\/uploads\/2023\/12\/Sans-titre.png","contentUrl":"https:\/\/hotel-casanina.com\/es\/wp-content\/uploads\/2023\/12\/Sans-titre.png","width":511,"height":113,"caption":"Hotel Casa Nina"},"image":{"@id":"https:\/\/hotel-casanina.com\/es\/#\/schema\/logo\/image\/"}}]}},"_links":{"self":[{"href":"https:\/\/hotel-casanina.com\/es\/wp-json\/wp\/v2\/pages\/222","targetHints":{"allow":["GET"]}}],"collection":[{"href":"https:\/\/hotel-casanina.com\/es\/wp-json\/wp\/v2\/pages"}],"about":[{"href":"https:\/\/hotel-casanina.com\/es\/wp-json\/wp\/v2\/types\/page"}],"author":[{"embeddable":true,"href":"https:\/\/hotel-casanina.com\/es\/wp-json\/wp\/v2\/users\/2"}],"replies":[{"embeddable":true,"href":"https:\/\/hotel-casanina.com\/es\/wp-json\/wp\/v2\/comments?post=222"}],"version-history":[{"count":69,"href":"https:\/\/hotel-casanina.com\/es\/wp-json\/wp\/v2\/pages\/222\/revisions"}],"predecessor-version":[{"id":725,"href":"https:\/\/hotel-casanina.com\/es\/wp-json\/wp\/v2\/pages\/222\/revisions\/725"}],"wp:attachment":[{"href":"https:\/\/hotel-casanina.com\/es\/wp-json\/wp\/v2\/media?parent=222"}],"curies":[{"name":"wp","href":"https:\/\/api.w.org\/{rel}","templated":true}]}}