{"id":2,"date":"2023-12-05T18:33:26","date_gmt":"2023-12-05T18:33:26","guid":{"rendered":"https:\/\/hotel-casanina.com\/es\/?page_id=2"},"modified":"2024-11-14T21:20:08","modified_gmt":"2024-11-14T21:20:08","slug":"sample-page","status":"publish","type":"page","link":"https:\/\/hotel-casanina.com\/es\/","title":{"rendered":"Hotel Casa Nina"},"content":{"rendered":"\t\t<div data-elementor-type=\"wp-page\" data-elementor-id=\"2\" class=\"elementor elementor-2\">\n\t\t\t\t<div class=\"elementor-element elementor-element-533ba90 e-con-full e-flex e-con e-parent\" data-id=\"533ba90\" data-element_type=\"container\" data-settings=\"{&quot;background_background&quot;:&quot;classic&quot;}\">\n\t\t<div class=\"elementor-element elementor-element-38b2abc e-con-full e-flex e-con e-child\" data-id=\"38b2abc\" data-element_type=\"container\">\n\t\t\t\t<div class=\"elementor-element elementor-element-5ed80e6 elementor-widget elementor-widget-image\" data-id=\"5ed80e6\" data-element_type=\"widget\" data-widget_type=\"image.default\">\n\t\t\t\t<div class=\"elementor-widget-container\">\n\t\t\t\t\t\t\t\t\t\t\t\t\t\t<a href=\"https:\/\/hotel-casanina.com\/\">\n\t\t\t\t\t\t\t<img decoding=\"async\" width=\"64\" height=\"64\" src=\"https:\/\/hotel-casanina.com\/es\/wp-content\/uploads\/2024\/01\/92087_france_icon.png\" class=\"attachment-large size-large wp-image-659\" alt=\"french language\" \/>\t\t\t\t\t\t\t\t<\/a>\n\t\t\t\t\t\t\t\t\t\t\t\t\t<\/div>\n\t\t\t\t<\/div>\n\t\t\t\t<div class=\"elementor-element elementor-element-4478244 elementor-widget elementor-widget-image\" data-id=\"4478244\" data-element_type=\"widget\" data-widget_type=\"image.default\">\n\t\t\t\t<div class=\"elementor-widget-container\">\n\t\t\t\t\t\t\t\t\t\t\t\t\t\t<a href=\"https:\/\/hotel-casanina.com\/en\/\">\n\t\t\t\t\t\t\t<img decoding=\"async\" width=\"64\" height=\"64\" src=\"https:\/\/hotel-casanina.com\/es\/wp-content\/uploads\/2024\/11\/92407_states_united_icon.png\" class=\"attachment-large size-large wp-image-713\" alt=\"english language\" \/>\t\t\t\t\t\t\t\t<\/a>\n\t\t\t\t\t\t\t\t\t\t\t\t\t<\/div>\n\t\t\t\t<\/div>\n\t\t\t\t<\/div>\n\t\t<div class=\"elementor-element elementor-element-c9af73a e-con-full e-flex e-con e-child\" data-id=\"c9af73a\" data-element_type=\"container\">\n\t\t\t\t<div class=\"elementor-element elementor-element-572dd7b elementor-widget elementor-widget-image\" data-id=\"572dd7b\" data-element_type=\"widget\" data-widget_type=\"image.default\">\n\t\t\t\t<div class=\"elementor-widget-container\">\n\t\t\t\t\t\t\t\t\t\t\t\t\t\t<a href=\"https:\/\/hotel-casanina.com\/es\/\">\n\t\t\t\t\t\t\t<img decoding=\"async\" width=\"157\" height=\"35\" src=\"https:\/\/hotel-casanina.com\/es\/wp-content\/uploads\/2024\/01\/logo_hotel_casa-nina_blanc-1.svg\" class=\"attachment-large size-large wp-image-453\" alt=\"\" \/>\t\t\t\t\t\t\t\t<\/a>\n\t\t\t\t\t\t\t\t\t\t\t\t\t<\/div>\n\t\t\t\t<\/div>\n\t\t\t\t<div class=\"elementor-element elementor-element-8f15922 elementor-widget elementor-widget-heading\" data-id=\"8f15922\" data-element_type=\"widget\" data-widget_type=\"heading.default\">\n\t\t\t\t<div class=\"elementor-widget-container\">\n\t\t\t<p class=\"elementor-heading-title elementor-size-default\">AVENIDA ESPANA - PUNTA POPI \u2013 LAS TERRENAS\n<\/p>\t\t<\/div>\n\t\t\t\t<\/div>\n\t\t\t\t<\/div>\n\t\t<div class=\"elementor-element elementor-element-fafd4e4 e-con-full e-flex e-con e-child\" data-id=\"fafd4e4\" data-element_type=\"container\">\n\t\t\t\t<div class=\"elementor-element elementor-element-0efefaf elementor-widget elementor-widget-heading\" data-id=\"0efefaf\" data-element_type=\"widget\" data-widget_type=\"heading.default\">\n\t\t\t\t<div class=\"elementor-widget-container\">\n\t\t\t<div class=\"elementor-heading-title elementor-size-default\"><a href=\"tel:+18297707647\">WhatsApp +1 829 770 7647<\/a><\/div>\t\t<\/div>\n\t\t\t\t<\/div>\n\t\t\t\t<div class=\"elementor-element elementor-element-e73e062 elementor-widget elementor-widget-heading\" data-id=\"e73e062\" data-element_type=\"widget\" data-widget_type=\"heading.default\">\n\t\t\t\t<div class=\"elementor-widget-container\">\n\t\t\t<div class=\"elementor-heading-title elementor-size-default\"><a href=\"mailto:hotelcasanina@gmail.com\u200b\">hotelcasanina@gmail.com<\/a><\/div>\t\t<\/div>\n\t\t\t\t<\/div>\n\t\t\t\t<\/div>\n\t\t<div class=\"elementor-element elementor-element-d22c5e7 e-con-full e-flex e-con e-child\" data-id=\"d22c5e7\" data-element_type=\"container\" data-settings=\"{&quot;background_background&quot;:&quot;classic&quot;}\">\n\t\t<div class=\"elementor-element elementor-element-51a06cc e-flex e-con-boxed e-con e-child\" data-id=\"51a06cc\" data-element_type=\"container\">\n\t\t\t\t\t<div class=\"e-con-inner\">\n\t\t\t\t<div class=\"elementor-element elementor-element-49535d9 elementor-align-center elementor-widget elementor-widget-button\" data-id=\"49535d9\" data-element_type=\"widget\" data-widget_type=\"button.default\">\n\t\t\t\t<div class=\"elementor-widget-container\">\n\t\t\t\t\t\t\t<div class=\"elementor-button-wrapper\">\n\t\t\t\t\t<a class=\"elementor-button elementor-button-link elementor-size-sm\" href=\"https:\/\/hotel-casanina.com\/es\/suites\/\">\n\t\t\t\t\t\t<span class=\"elementor-button-content-wrapper\">\n\t\t\t\t\t\t\t\t\t<span class=\"elementor-button-text\">HABITACIONES<\/span>\n\t\t\t\t\t<\/span>\n\t\t\t\t\t<\/a>\n\t\t\t\t<\/div>\n\t\t\t\t\t\t<\/div>\n\t\t\t\t<\/div>\n\t\t\t\t\t<\/div>\n\t\t\t\t<\/div>\n\t\t<div class=\"elementor-element elementor-element-d6365b9 e-flex e-con-boxed e-con e-child\" data-id=\"d6365b9\" data-element_type=\"container\">\n\t\t\t\t\t<div class=\"e-con-inner\">\n\t\t\t\t<div class=\"elementor-element elementor-element-2b6f696 elementor-align-center elementor-widget elementor-widget-button\" data-id=\"2b6f696\" data-element_type=\"widget\" data-widget_type=\"button.default\">\n\t\t\t\t<div class=\"elementor-widget-container\">\n\t\t\t\t\t\t\t<div class=\"elementor-button-wrapper\">\n\t\t\t\t\t<a class=\"elementor-button elementor-button-link elementor-size-sm\" href=\"https:\/\/hotel-casanina.com\/es\/actividades\/\">\n\t\t\t\t\t\t<span class=\"elementor-button-content-wrapper\">\n\t\t\t\t\t\t\t\t\t<span class=\"elementor-button-text\">ACTIVIDADES<\/span>\n\t\t\t\t\t<\/span>\n\t\t\t\t\t<\/a>\n\t\t\t\t<\/div>\n\t\t\t\t\t\t<\/div>\n\t\t\t\t<\/div>\n\t\t\t\t\t<\/div>\n\t\t\t\t<\/div>\n\t\t<div class=\"elementor-element elementor-element-188ff3c e-flex e-con-boxed e-con e-child\" data-id=\"188ff3c\" data-element_type=\"container\">\n\t\t\t\t\t<div class=\"e-con-inner\">\n\t\t\t\t<div class=\"elementor-element elementor-element-a179372 elementor-align-center elementor-widget elementor-widget-button\" data-id=\"a179372\" data-element_type=\"widget\" data-widget_type=\"button.default\">\n\t\t\t\t<div class=\"elementor-widget-container\">\n\t\t\t\t\t\t\t<div class=\"elementor-button-wrapper\">\n\t\t\t\t\t<a class=\"elementor-button elementor-button-link elementor-size-sm\" href=\"https:\/\/hotel-casanina.com\/es\/informaciones\/\">\n\t\t\t\t\t\t<span class=\"elementor-button-content-wrapper\">\n\t\t\t\t\t\t\t\t\t<span class=\"elementor-button-text\">INFORMACIONES<\/span>\n\t\t\t\t\t<\/span>\n\t\t\t\t\t<\/a>\n\t\t\t\t<\/div>\n\t\t\t\t\t\t<\/div>\n\t\t\t\t<\/div>\n\t\t\t\t\t<\/div>\n\t\t\t\t<\/div>\n\t\t\t\t<\/div>\n\t\t\t\t<\/div>\n\t\t<div class=\"elementor-element elementor-element-64108c48 e-con-full e-flex e-con e-parent\" data-id=\"64108c48\" data-element_type=\"container\" data-settings=\"{&quot;background_background&quot;:&quot;classic&quot;}\">\n\t\t<div class=\"elementor-element elementor-element-78a0e925 e-con-full e-flex e-con e-child\" data-id=\"78a0e925\" data-element_type=\"container\" data-settings=\"{&quot;background_background&quot;:&quot;slideshow&quot;,&quot;background_slideshow_gallery&quot;:[{&quot;id&quot;:505,&quot;url&quot;:&quot;https:\\\/\\\/hotel-casanina.com\\\/es\\\/wp-content\\\/uploads\\\/2024\\\/01\\\/Hotel-casa-nina-scaled.jpg&quot;},{&quot;id&quot;:486,&quot;url&quot;:&quot;https:\\\/\\\/hotel-casanina.com\\\/es\\\/wp-content\\\/uploads\\\/2024\\\/01\\\/IMG_9410-scaled-e1705442095407.jpeg&quot;},{&quot;id&quot;:132,&quot;url&quot;:&quot;https:\\\/\\\/hotel-casanina.com\\\/es\\\/wp-content\\\/uploads\\\/2023\\\/12\\\/LETTRES-LT-scaled.jpg&quot;}],&quot;background_slideshow_loop&quot;:&quot;yes&quot;,&quot;background_slideshow_slide_duration&quot;:5000,&quot;background_slideshow_slide_transition&quot;:&quot;fade&quot;,&quot;background_slideshow_transition_duration&quot;:500}\">\n\t\t\t\t<\/div>\n\t\t<div class=\"elementor-element elementor-element-201c37fe e-con-full e-flex e-con e-child\" data-id=\"201c37fe\" data-element_type=\"container\" data-settings=\"{&quot;background_background&quot;:&quot;classic&quot;}\">\n\t\t<div class=\"elementor-element elementor-element-756400be e-flex e-con-boxed e-con e-child\" data-id=\"756400be\" data-element_type=\"container\" data-settings=\"{&quot;background_background&quot;:&quot;classic&quot;}\">\n\t\t\t\t\t<div class=\"e-con-inner\">\n\t\t\t\t<div class=\"elementor-element elementor-element-1b4706 elementor-widget elementor-widget-spacer\" data-id=\"1b4706\" data-element_type=\"widget\" data-widget_type=\"spacer.default\">\n\t\t\t\t<div class=\"elementor-widget-container\">\n\t\t\t\t\t<div class=\"elementor-spacer\">\n\t\t\t<div class=\"elementor-spacer-inner\"><\/div>\n\t\t<\/div>\n\t\t\t\t<\/div>\n\t\t\t\t<\/div>\n\t\t\t\t\t<\/div>\n\t\t\t\t<\/div>\n\t\t<div class=\"elementor-element elementor-element-777fb924 e-flex e-con-boxed e-con e-child\" data-id=\"777fb924\" data-element_type=\"container\" data-settings=\"{&quot;background_background&quot;:&quot;classic&quot;}\">\n\t\t\t\t\t<div class=\"e-con-inner\">\n\t\t\t\t<div class=\"elementor-element elementor-element-a8fa77c elementor-widget elementor-widget-spacer\" data-id=\"a8fa77c\" data-element_type=\"widget\" data-widget_type=\"spacer.default\">\n\t\t\t\t<div class=\"elementor-widget-container\">\n\t\t\t\t\t<div class=\"elementor-spacer\">\n\t\t\t<div class=\"elementor-spacer-inner\"><\/div>\n\t\t<\/div>\n\t\t\t\t<\/div>\n\t\t\t\t<\/div>\n\t\t\t\t<div class=\"elementor-element elementor-element-206dd580 elementor-widget__width-initial elementor-invisible elementor-widget elementor-widget-text-editor\" data-id=\"206dd580\" data-element_type=\"widget\" data-settings=\"{&quot;_animation&quot;:&quot;fadeInRight&quot;}\" data-widget_type=\"text-editor.default\">\n\t\t\t\t<div class=\"elementor-widget-container\">\n\t\t\t\t\t\t\t<p class=\"p1\">\u00bfQuieres un ambiente tranquilo e \u00edntimo?<\/p><p class=\"p1\">\u00a1Eres bienvenido al Hotel CASA NINA!<\/p><p class=\"p1\">\u00a1La ubicaci\u00f3n ideal es reconocida un\u00e1nimemente!<\/p><p class=\"p1\">El hotel est\u00e1 apartado de las carreteras principales y cerca de bares y restaurantes y a s\u00f3lo 30 metros de la playa de Punta Popi y sus magn\u00edficas puestas de sol.<\/p><p class=\"p1\">CASA NINA est\u00e1 organizada en 13 habitaciones con terrazas, en un jard\u00edn florido y sombreado con piscina.<\/p><p class=\"p1\">Fran\u00e7oise e Yves le dan la bienvenida y le recomiendan la habitaci\u00f3n que contribuir\u00e1 a su bienestar y al \u00e9xito de su estancia en Las Terrenas.<\/p>\t\t\t\t\t\t<\/div>\n\t\t\t\t<\/div>\n\t\t\t\t\t<\/div>\n\t\t\t\t<\/div>\n\t\t\t\t<\/div>\n\t\t\t\t<\/div>\n\t\t\t\t<\/div>\n\t\t","protected":false},"excerpt":{"rendered":"<p>AVENIDA ESPANA &#8211; PUNTA POPI \u2013 LAS TERRENAS WhatsApp +1 829 770 7647 hotelcasanina@gmail.com HABITACIONES ACTIVIDADES INFORMACIONES \u00bfQuieres un ambiente tranquilo e \u00edntimo? \u00a1Eres bienvenido al Hotel CASA NINA! \u00a1La ubicaci\u00f3n ideal es reconocida un\u00e1nimemente! El hotel est\u00e1 apartado de las carreteras principales y cerca de bares y restaurantes y a s\u00f3lo 30 metros de [&hellip;]<\/p>\n","protected":false},"author":1,"featured_media":0,"parent":0,"menu_order":0,"comment_status":"closed","ping_status":"open","template":"","meta":{"footnotes":""},"class_list":["post-2","page","type-page","status-publish","hentry"],"yoast_head":"<!-- This site is optimized with the Yoast SEO plugin v23.8 - https:\/\/yoast.com\/wordpress\/plugins\/seo\/ -->\n<title>Hotel Casa Nina - Hotel Casa Nina<\/title>\n<meta name=\"robots\" content=\"index, follow, max-snippet:-1, max-image-preview:large, max-video-preview:-1\" \/>\n<link rel=\"canonical\" href=\"https:\/\/hotel-casanina.com\/es\/\" \/>\n<meta property=\"og:locale\" content=\"fr_FR\" \/>\n<meta property=\"og:type\" content=\"article\" \/>\n<meta property=\"og:title\" content=\"Hotel Casa Nina - Hotel Casa Nina\" \/>\n<meta property=\"og:description\" content=\"AVENIDA ESPANA &#8211; PUNTA POPI \u2013 LAS TERRENAS WhatsApp +1 829 770 7647 hotelcasanina@gmail.com HABITACIONES ACTIVIDADES INFORMACIONES \u00bfQuieres un ambiente tranquilo e \u00edntimo? \u00a1Eres bienvenido al Hotel CASA NINA! \u00a1La ubicaci\u00f3n ideal es reconocida un\u00e1nimemente! El hotel est\u00e1 apartado de las carreteras principales y cerca de bares y restaurantes y a s\u00f3lo 30 metros de [&hellip;]\" \/>\n<meta property=\"og:url\" content=\"https:\/\/hotel-casanina.com\/es\/\" \/>\n<meta property=\"og:site_name\" content=\"Hotel Casa Nina\" \/>\n<meta property=\"article:modified_time\" content=\"2024-11-14T21:20:08+00:00\" \/>\n<meta property=\"og:image\" content=\"https:\/\/hotel-casanina.com\/es\/wp-content\/uploads\/2024\/01\/92087_france_icon.png\" \/>\n\t<meta property=\"og:image:width\" content=\"64\" \/>\n\t<meta property=\"og:image:height\" content=\"64\" \/>\n\t<meta property=\"og:image:type\" content=\"image\/png\" \/>\n<meta name=\"twitter:card\" content=\"summary_large_image\" \/>\n<meta name=\"twitter:label1\" content=\"Dur\u00e9e de lecture estim\u00e9e\" \/>\n\t<meta name=\"twitter:data1\" content=\"1 minute\" \/>\n<script type=\"application\/ld+json\" class=\"yoast-schema-graph\">{\"@context\":\"https:\/\/schema.org\",\"@graph\":[{\"@type\":\"WebPage\",\"@id\":\"https:\/\/hotel-casanina.com\/es\/\",\"url\":\"https:\/\/hotel-casanina.com\/es\/\",\"name\":\"Hotel Casa Nina - Hotel Casa Nina\",\"isPartOf\":{\"@id\":\"https:\/\/hotel-casanina.com\/es\/#website\"},\"primaryImageOfPage\":{\"@id\":\"https:\/\/hotel-casanina.com\/es\/#primaryimage\"},\"image\":{\"@id\":\"https:\/\/hotel-casanina.com\/es\/#primaryimage\"},\"thumbnailUrl\":\"https:\/\/hotel-casanina.com\/es\/wp-content\/uploads\/2024\/01\/92087_france_icon.png\",\"datePublished\":\"2023-12-05T18:33:26+00:00\",\"dateModified\":\"2024-11-14T21:20:08+00:00\",\"breadcrumb\":{\"@id\":\"https:\/\/hotel-casanina.com\/es\/#breadcrumb\"},\"inLanguage\":\"fr-FR\",\"potentialAction\":[{\"@type\":\"ReadAction\",\"target\":[\"https:\/\/hotel-casanina.com\/es\/\"]}]},{\"@type\":\"ImageObject\",\"inLanguage\":\"fr-FR\",\"@id\":\"https:\/\/hotel-casanina.com\/es\/#primaryimage\",\"url\":\"https:\/\/hotel-casanina.com\/es\/wp-content\/uploads\/2024\/01\/92087_france_icon.png\",\"contentUrl\":\"https:\/\/hotel-casanina.com\/es\/wp-content\/uploads\/2024\/01\/92087_france_icon.png\",\"width\":64,\"height\":64,\"caption\":\"french language\"},{\"@type\":\"BreadcrumbList\",\"@id\":\"https:\/\/hotel-casanina.com\/es\/#breadcrumb\",\"itemListElement\":[{\"@type\":\"ListItem\",\"position\":1,\"name\":\"Accueil\",\"item\":\"https:\/\/hotel-casanina.com\/es\/\"},{\"@type\":\"ListItem\",\"position\":2,\"name\":\"Hotel Casa Nina\"}]},{\"@type\":\"WebSite\",\"@id\":\"https:\/\/hotel-casanina.com\/es\/#website\",\"url\":\"https:\/\/hotel-casanina.com\/es\/\",\"name\":\"Hotel Casa Nina\",\"description\":\"\",\"publisher\":{\"@id\":\"https:\/\/hotel-casanina.com\/es\/#organization\"},\"potentialAction\":[{\"@type\":\"SearchAction\",\"target\":{\"@type\":\"EntryPoint\",\"urlTemplate\":\"https:\/\/hotel-casanina.com\/es\/?s={search_term_string}\"},\"query-input\":{\"@type\":\"PropertyValueSpecification\",\"valueRequired\":true,\"valueName\":\"search_term_string\"}}],\"inLanguage\":\"fr-FR\"},{\"@type\":\"Organization\",\"@id\":\"https:\/\/hotel-casanina.com\/es\/#organization\",\"name\":\"Hotel Casa Nina\",\"url\":\"https:\/\/hotel-casanina.com\/es\/\",\"logo\":{\"@type\":\"ImageObject\",\"inLanguage\":\"fr-FR\",\"@id\":\"https:\/\/hotel-casanina.com\/es\/#\/schema\/logo\/image\/\",\"url\":\"https:\/\/hotel-casanina.com\/es\/wp-content\/uploads\/2023\/12\/Sans-titre.png\",\"contentUrl\":\"https:\/\/hotel-casanina.com\/es\/wp-content\/uploads\/2023\/12\/Sans-titre.png\",\"width\":511,\"height\":113,\"caption\":\"Hotel Casa Nina\"},\"image\":{\"@id\":\"https:\/\/hotel-casanina.com\/es\/#\/schema\/logo\/image\/\"}}]}<\/script>\n<!-- \/ Yoast SEO plugin. -->","yoast_head_json":{"title":"Hotel Casa Nina - Hotel Casa Nina","robots":{"index":"index","follow":"follow","max-snippet":"max-snippet:-1","max-image-preview":"max-image-preview:large","max-video-preview":"max-video-preview:-1"},"canonical":"https:\/\/hotel-casanina.com\/es\/","og_locale":"fr_FR","og_type":"article","og_title":"Hotel Casa Nina - Hotel Casa Nina","og_description":"AVENIDA ESPANA &#8211; PUNTA POPI \u2013 LAS TERRENAS WhatsApp +1 829 770 7647 hotelcasanina@gmail.com HABITACIONES ACTIVIDADES INFORMACIONES \u00bfQuieres un ambiente tranquilo e \u00edntimo? \u00a1Eres bienvenido al Hotel CASA NINA! \u00a1La ubicaci\u00f3n ideal es reconocida un\u00e1nimemente! El hotel est\u00e1 apartado de las carreteras principales y cerca de bares y restaurantes y a s\u00f3lo 30 metros de [&hellip;]","og_url":"https:\/\/hotel-casanina.com\/es\/","og_site_name":"Hotel Casa Nina","article_modified_time":"2024-11-14T21:20:08+00:00","og_image":[{"width":64,"height":64,"url":"https:\/\/hotel-casanina.com\/es\/wp-content\/uploads\/2024\/01\/92087_france_icon.png","type":"image\/png"}],"twitter_card":"summary_large_image","twitter_misc":{"Dur\u00e9e de lecture estim\u00e9e":"1 minute"},"schema":{"@context":"https:\/\/schema.org","@graph":[{"@type":"WebPage","@id":"https:\/\/hotel-casanina.com\/es\/","url":"https:\/\/hotel-casanina.com\/es\/","name":"Hotel Casa Nina - Hotel Casa Nina","isPartOf":{"@id":"https:\/\/hotel-casanina.com\/es\/#website"},"primaryImageOfPage":{"@id":"https:\/\/hotel-casanina.com\/es\/#primaryimage"},"image":{"@id":"https:\/\/hotel-casanina.com\/es\/#primaryimage"},"thumbnailUrl":"https:\/\/hotel-casanina.com\/es\/wp-content\/uploads\/2024\/01\/92087_france_icon.png","datePublished":"2023-12-05T18:33:26+00:00","dateModified":"2024-11-14T21:20:08+00:00","breadcrumb":{"@id":"https:\/\/hotel-casanina.com\/es\/#breadcrumb"},"inLanguage":"fr-FR","potentialAction":[{"@type":"ReadAction","target":["https:\/\/hotel-casanina.com\/es\/"]}]},{"@type":"ImageObject","inLanguage":"fr-FR","@id":"https:\/\/hotel-casanina.com\/es\/#primaryimage","url":"https:\/\/hotel-casanina.com\/es\/wp-content\/uploads\/2024\/01\/92087_france_icon.png","contentUrl":"https:\/\/hotel-casanina.com\/es\/wp-content\/uploads\/2024\/01\/92087_france_icon.png","width":64,"height":64,"caption":"french language"},{"@type":"BreadcrumbList","@id":"https:\/\/hotel-casanina.com\/es\/#breadcrumb","itemListElement":[{"@type":"ListItem","position":1,"name":"Accueil","item":"https:\/\/hotel-casanina.com\/es\/"},{"@type":"ListItem","position":2,"name":"Hotel Casa Nina"}]},{"@type":"WebSite","@id":"https:\/\/hotel-casanina.com\/es\/#website","url":"https:\/\/hotel-casanina.com\/es\/","name":"Hotel Casa Nina","description":"","publisher":{"@id":"https:\/\/hotel-casanina.com\/es\/#organization"},"potentialAction":[{"@type":"SearchAction","target":{"@type":"EntryPoint","urlTemplate":"https:\/\/hotel-casanina.com\/es\/?s={search_term_string}"},"query-input":{"@type":"PropertyValueSpecification","valueRequired":true,"valueName":"search_term_string"}}],"inLanguage":"fr-FR"},{"@type":"Organization","@id":"https:\/\/hotel-casanina.com\/es\/#organization","name":"Hotel Casa Nina","url":"https:\/\/hotel-casanina.com\/es\/","logo":{"@type":"ImageObject","inLanguage":"fr-FR","@id":"https:\/\/hotel-casanina.com\/es\/#\/schema\/logo\/image\/","url":"https:\/\/hotel-casanina.com\/es\/wp-content\/uploads\/2023\/12\/Sans-titre.png","contentUrl":"https:\/\/hotel-casanina.com\/es\/wp-content\/uploads\/2023\/12\/Sans-titre.png","width":511,"height":113,"caption":"Hotel Casa Nina"},"image":{"@id":"https:\/\/hotel-casanina.com\/es\/#\/schema\/logo\/image\/"}}]}},"_links":{"self":[{"href":"https:\/\/hotel-casanina.com\/es\/wp-json\/wp\/v2\/pages\/2","targetHints":{"allow":["GET"]}}],"collection":[{"href":"https:\/\/hotel-casanina.com\/es\/wp-json\/wp\/v2\/pages"}],"about":[{"href":"https:\/\/hotel-casanina.com\/es\/wp-json\/wp\/v2\/types\/page"}],"author":[{"embeddable":true,"href":"https:\/\/hotel-casanina.com\/es\/wp-json\/wp\/v2\/users\/1"}],"replies":[{"embeddable":true,"href":"https:\/\/hotel-casanina.com\/es\/wp-json\/wp\/v2\/comments?post=2"}],"version-history":[{"count":90,"href":"https:\/\/hotel-casanina.com\/es\/wp-json\/wp\/v2\/pages\/2\/revisions"}],"predecessor-version":[{"id":722,"href":"https:\/\/hotel-casanina.com\/es\/wp-json\/wp\/v2\/pages\/2\/revisions\/722"}],"wp:attachment":[{"href":"https:\/\/hotel-casanina.com\/es\/wp-json\/wp\/v2\/media?parent=2"}],"curies":[{"name":"wp","href":"https:\/\/api.w.org\/{rel}","templated":true}]}}